{"id":334,"date":"2020-06-21T23:07:11","date_gmt":"2020-06-21T21:07:11","guid":{"rendered":"https:\/\/hajdankert.hu\/?page_id=334"},"modified":"2022-01-22T23:45:52","modified_gmt":"2022-01-22T21:45:52","slug":"borostyanpanel","status":"publish","type":"page","link":"https:\/\/hajdankert.hu\/en\/borostyanpanel\/","title":{"rendered":"IVY WALL"},"content":{"rendered":"<h1>Ivy panel<\/h1>\n<p><span style=\"font-size: 120%;\">\"Living, evergreen wall, instantly, anywhere - Ivy panel\"<\/span><\/p>\n<div class=\"is-divider divider clearfix\" style=\"max-width:0px;\"><\/div>\n\t<section class=\"section\" id=\"section_442117738\">\n\t\t<div class=\"bg section-bg fill bg-fill  bg-loaded\" >\n\n\t\t\t\n\t\t\t<div class=\"section-bg-overlay absolute fill\"><\/div>\n\t\t\t\n\n\t\t<\/div>\n\n\t\t\n\n\t\t<div class=\"section-content relative\">\n\t\t\t\n<div class=\"row row-large align-middle\"  id=\"row-790268852\">\n\n\t<div id=\"col-2008667956\" class=\"col medium-6 small-12 large-6\"  >\n\t\t\t\t<div class=\"col-inner text-left\"  >\n\t\t\t\n\t\t\t\n<h2>Advantages of ivy wall:<\/h2>\n<ul>\n<li>quick to install: On-site installation of the panels does not require special expertise, it is easy and quick to implant the ivy wall on site.<\/li>\n<li>requires minimal care: In addition to irrigation, the panels require pruning and shearing twice a year. The plant does not exceed the installed height without pruning.<\/li>\n<li>long life: Due to the fact that amber is a very long-lived plant, it can live up to 100 years, the installed panels retain their original shape for a long time. Due to their evergreen properties, they decorate the garden beautifully in all seasons.<\/li>\n<li>environmentally friendly: Like living hedges, the ivy wall simultaneously produces oxygen, protects the accommodation from dust, has air purifier, noise protection, noise attenuation and anti-allergenic properties. With these features, it specifically promotes the creation of a healthy microenvironment.<\/li>\n<li>safe: The 5 mm thick galvanized, spot-welded mesh, which forms the frame of the panels, resists corrosion, so the fence wall can remain stable for many decades. If planted in the soil, the fence will also protect the garden from unwanted visitors (stray dogs, wild animals) or just keep our pet inside the estate. Its dense structure guarantees the intimacy of our yard.<\/li>\n<li>aesthetic: The ivy wall fits almost any structure, be it modern or minimalist. The panels beautifully decorate the yard, delight the eye and provide a close-to-nature experience for city dwellers as well.<\/li>\n<\/ul>\n\t\t<\/div>\n\t\t\t\t\n<style>\n#col-2008667956 > .col-inner {\n  margin: -60px 0px 0px 0px;\n}\n<\/style>\n\t<\/div>\n\n\t\n\n\t<div id=\"col-1139285296\" class=\"col medium-6 small-12 large-6\"  >\n\t\t\t\t<div class=\"col-inner\"  >\n\t\t\t\n\t\t\t\n\t<div class=\"img has-hover x md-x lg-x y md-y lg-y\" id=\"image_245265040\">\n\t\t\t\t\t\t\t\t<div class=\"img-inner dark\" >\n\t\t\t<img loading=\"lazy\" decoding=\"async\" width=\"450\" height=\"800\" src=\"https:\/\/hajdankert.hu\/wp-content\/uploads\/2020\/07\/1-450x800.jpg\" class=\"attachment-large size-large\" alt=\"\" srcset=\"https:\/\/hajdankert.hu\/wp-content\/uploads\/2020\/07\/1-450x800.jpg 450w, https:\/\/hajdankert.hu\/wp-content\/uploads\/2020\/07\/1-225x400.jpg 225w, https:\/\/hajdankert.hu\/wp-content\/uploads\/2020\/07\/1.jpg 600w\" sizes=\"auto, (max-width: 450px) 100vw, 450px\" \/>\t\t\t\t\t\t\n\t\t\t\t\t<\/div>\n\t\t\t\t\t\t\t\t\n<style>\n#image_245265040 {\n  width: 100%;\n}\n<\/style>\n\t<\/div>\n\t\n\t\t<\/div>\n\t\t\t\t\t<\/div>\n\n\t\n<\/div>\n\t\t<\/div>\n\n\t\t\n<style>\n#section_442117738 {\n  padding-top: 15px;\n  padding-bottom: 15px;\n}\n#section_442117738 .section-bg-overlay {\n  background-color: rgba(255, 255, 255, 0.85);\n}\n#section_442117738 .ux-shape-divider--top svg {\n  height: 150px;\n  --divider-top-width: 100%;\n}\n#section_442117738 .ux-shape-divider--bottom svg {\n  height: 150px;\n  --divider-width: 100%;\n}\n<\/style>\n\t<\/section>\n\t\n\t<section class=\"section\" id=\"section_1689101472\">\n\t\t<div class=\"bg section-bg fill bg-fill  bg-loaded\" >\n\n\t\t\t\n\t\t\t<div class=\"section-bg-overlay absolute fill\"><\/div>\n\t\t\t\n\n\t\t<\/div>\n\n\t\t\n\n\t\t<div class=\"section-content relative\">\n\t\t\t\n<div class=\"row row-large align-middle\"  id=\"row-1156762625\">\n\n\t<div id=\"col-1376339127\" class=\"col medium-6 small-12 large-6\"  >\n\t\t\t\t<div class=\"col-inner\"  >\n\t\t\t\n\t\t\t\n\t<div class=\"img has-hover x md-x lg-x y md-y lg-y\" id=\"image_849901543\">\n\t\t\t\t\t\t\t\t<div class=\"img-inner image-cover dark\" style=\"padding-top:100%;\">\n\t\t\t<img loading=\"lazy\" decoding=\"async\" width=\"790\" height=\"800\" src=\"https:\/\/hajdankert.hu\/wp-content\/uploads\/2022\/01\/dani-12214-790x800.jpg\" class=\"attachment-large size-large\" alt=\"\" srcset=\"https:\/\/hajdankert.hu\/wp-content\/uploads\/2022\/01\/dani-12214-790x800.jpg 790w, https:\/\/hajdankert.hu\/wp-content\/uploads\/2022\/01\/dani-12214-395x400.jpg 395w, https:\/\/hajdankert.hu\/wp-content\/uploads\/2022\/01\/dani-12214-768x778.jpg 768w, https:\/\/hajdankert.hu\/wp-content\/uploads\/2022\/01\/dani-12214-12x12.jpg 12w, https:\/\/hajdankert.hu\/wp-content\/uploads\/2022\/01\/dani-12214.jpg 1000w\" sizes=\"auto, (max-width: 790px) 100vw, 790px\" \/>\t\t\t\t\t\t\n\t\t\t\t\t<\/div>\n\t\t\t\t\t\t\t\t\n<style>\n#image_849901543 {\n  width: 100%;\n}\n<\/style>\n\t<\/div>\n\t\n\t<div class=\"img has-hover x md-x lg-x y md-y lg-y\" id=\"image_272757846\">\n\t\t\t\t\t\t\t\t<div class=\"img-inner dark\" >\n\t\t\t\t\t\t\t\t\t\n\t\t\t\t\t<\/div>\n\t\t\t\t\t\t\t\t\n<style>\n#image_272757846 {\n  width: 100%;\n}\n<\/style>\n\t<\/div>\n\t\n\t\t<\/div>\n\t\t\t\t\t<\/div>\n\n\t\n\n\t<div id=\"col-821139487\" class=\"col medium-6 small-12 large-6\"  >\n\t\t\t\t<div class=\"col-inner text-left\"  >\n\t\t\t\n\t\t\t\n<h2 style=\"text-align: left;\">Ivy panel application forms:<\/h2>\n<ul>\n<li style=\"text-align: left;\">for the fence: The panels installed in the fence line are excellent for an existing fence or are suitable for creating a completely new fence.<\/li>\n<li style=\"text-align: left;\">for dividers: They are a natural solution for balconies, terraces, garden areas of catering units to ensure personal space and comfort.\u00a0<\/li>\n<li style=\"text-align: left;\">for carport: Using 10 panels and a roof bracing accessory, an ECO garage can be created, even without ground contact.<\/li>\n<li style=\"text-align: left;\">for pavilion:Up to 5m x 5m pavilion can be created using 8 panels and roof reinforcement accessories.<\/li>\n<li style=\"text-align: left;\">for covering the trash bin: Garbage containers, bins and less aesthetic surfaces are also suitable for covering.<\/li>\n<\/ul>\n\t\t<\/div>\n\t\t\t\t\n<style>\n#col-821139487 > .col-inner {\n  margin: 0px 0px -20px 0px;\n}\n<\/style>\n\t<\/div>\n\n\t\n<\/div>\n\t\t<\/div>\n\n\t\t\n<style>\n#section_1689101472 {\n  padding-top: 0px;\n  padding-bottom: 0px;\n}\n#section_1689101472 .section-bg-overlay {\n  background-color: rgba(255, 255, 255, 0.85);\n}\n#section_1689101472 .ux-shape-divider--top svg {\n  height: 150px;\n  --divider-top-width: 100%;\n}\n#section_1689101472 .ux-shape-divider--bottom svg {\n  height: 150px;\n  --divider-width: 100%;\n}\n<\/style>\n\t<\/section>\n\t\n\t<section class=\"section\" id=\"section_1460874475\">\n\t\t<div class=\"bg section-bg fill bg-fill  bg-loaded\" >\n\n\t\t\t\n\t\t\t<div class=\"section-bg-overlay absolute fill\"><\/div>\n\t\t\t\n\n\t\t<\/div>\n\n\t\t\n\n\t\t<div class=\"section-content relative\">\n\t\t\t\n<div class=\"row row-large align-middle\"  id=\"row-1854432149\">\n\n\t<div id=\"col-1119881415\" class=\"col hide-for-small medium-6 small-12 large-6\"  >\n\t\t\t\t<div class=\"col-inner text-left\"  >\n\t\t\t\n\t\t\t\n<h2>Ivy panel dimensions:<\/h2>\n<ul>\n<li>width: 120 cm<\/li>\n<li>height: 185 cm<\/li>\n<li>thickness: 15cm<\/li>\n<\/ul>\n<p>The ivy panel can be installed in soil or in a pot: the panels can be planted directly in the soil for approx. at a depth of 15-20 cm. If installation in the ground is not possible, the panels can also be placed in pots, in wooden or metal planting crates, in any color.<\/p>\n<p>Recommended pot size: 130cm X 30cm X 25cm<\/p>\n\t\t<\/div>\n\t\t\t\t\n<style>\n#col-1119881415 > .col-inner {\n  margin: -0 0px 0px 0px;\n}\n<\/style>\n\t<\/div>\n\n\t\n\n\t<div id=\"col-1350699677\" class=\"col medium-6 small-12 large-6\"  >\n\t\t\t\t<div class=\"col-inner\"  >\n\t\t\t\n\t\t\t\n\t<div class=\"img has-hover x md-x lg-x y md-y lg-y\" id=\"image_268220187\">\n\t\t\t\t\t\t\t\t<div class=\"img-inner dark\" >\n\t\t\t<img loading=\"lazy\" decoding=\"async\" width=\"450\" height=\"800\" src=\"https:\/\/hajdankert.hu\/wp-content\/uploads\/2020\/05\/3-450x800.jpg\" class=\"attachment-large size-large\" alt=\"\" srcset=\"https:\/\/hajdankert.hu\/wp-content\/uploads\/2020\/05\/3-450x800.jpg 450w, https:\/\/hajdankert.hu\/wp-content\/uploads\/2020\/05\/3-225x400.jpg 225w, https:\/\/hajdankert.hu\/wp-content\/uploads\/2020\/05\/3.jpg 600w\" sizes=\"auto, (max-width: 450px) 100vw, 450px\" \/>\t\t\t\t\t\t\n\t\t\t\t\t<\/div>\n\t\t\t\t\t\t\t\t\n<style>\n#image_268220187 {\n  width: 100%;\n}\n<\/style>\n\t<\/div>\n\t\n\t\t<\/div>\n\t\t\t\t\t<\/div>\n\n\t\n<\/div>\n\t\t<\/div>\n\n\t\t\n<style>\n#section_1460874475 {\n  padding-top: 0px;\n  padding-bottom: 0px;\n}\n#section_1460874475 .section-bg-overlay {\n  background-color: rgba(255, 255, 255, 0.85);\n}\n#section_1460874475 .ux-shape-divider--top svg {\n  height: 150px;\n  --divider-top-width: 100%;\n}\n#section_1460874475 .ux-shape-divider--bottom svg {\n  height: 150px;\n  --divider-width: 100%;\n}\n<\/style>\n\t<\/section>\n\t\n\t<section class=\"section\" id=\"section_1601567270\">\n\t\t<div class=\"bg section-bg fill bg-fill  bg-loaded\" >\n\n\t\t\t\n\t\t\t<div class=\"section-bg-overlay absolute fill\"><\/div>\n\t\t\t\n\n\t\t<\/div>\n\n\t\t\n\n\t\t<div class=\"section-content relative\">\n\t\t\t\n<div class=\"row row-large align-middle\"  id=\"row-1043804785\">\n\n\t<div id=\"col-432343032\" class=\"col medium-6 small-12 large-6\"  >\n\t\t\t\t<div class=\"col-inner\"  >\n\t\t\t\n\t\t\t\n\t<div class=\"img has-hover x md-x lg-x y md-y lg-y\" id=\"image_638261135\">\n\t\t\t\t\t\t\t\t<div class=\"img-inner dark\" >\n\t\t\t<img loading=\"lazy\" decoding=\"async\" width=\"600\" height=\"800\" src=\"https:\/\/hajdankert.hu\/wp-content\/uploads\/2020\/07\/IMG-2260552a1c6744b6de1359f78687dbd9-V-600x800.jpg\" class=\"attachment-large size-large\" alt=\"borosty\u00e1npanel l\u00e1d\u00e1ban\" srcset=\"https:\/\/hajdankert.hu\/wp-content\/uploads\/2020\/07\/IMG-2260552a1c6744b6de1359f78687dbd9-V-600x800.jpg 600w, https:\/\/hajdankert.hu\/wp-content\/uploads\/2020\/07\/IMG-2260552a1c6744b6de1359f78687dbd9-V-300x400.jpg 300w, https:\/\/hajdankert.hu\/wp-content\/uploads\/2020\/07\/IMG-2260552a1c6744b6de1359f78687dbd9-V-768x1024.jpg 768w, https:\/\/hajdankert.hu\/wp-content\/uploads\/2020\/07\/IMG-2260552a1c6744b6de1359f78687dbd9-V-1152x1536.jpg 1152w, https:\/\/hajdankert.hu\/wp-content\/uploads\/2020\/07\/IMG-2260552a1c6744b6de1359f78687dbd9-V.jpg 1200w\" sizes=\"auto, (max-width: 600px) 100vw, 600px\" \/>\t\t\t\t\t\t\n\t\t\t\t\t<\/div>\n\t\t\t\t\t\t\t\t\n<style>\n#image_638261135 {\n  width: 100%;\n}\n<\/style>\n\t<\/div>\n\t\n\t\t<\/div>\n\t\t\t\t\t<\/div>\n\n\t\n\n\t<div id=\"col-203823483\" class=\"col medium-6 small-12 large-6\"  >\n\t\t\t\t<div class=\"col-inner text-left\"  >\n\t\t\t\n\t\t\t\n<h2 style=\"text-align: left;\">Physiological effects of ivy panel:<\/h2>\n<p style=\"text-align: left;\">Nowadays, it is important not only to preserve, but to create a new green environment, plant trees, thus improving the quality of our lives. The closeness of nature also affects our mood and well-being. The evergreen ivy wall made of natural plants also contributes greatly to this:<\/p>\n<ul>\n<li style=\"text-align: left;\">the ivy panel produces 45 liters of oxygen per day.<\/li>\n<li style=\"text-align: left;\">it reduces the number of headache complaints by 40%.<\/li>\n<li style=\"text-align: left;\">Reduces fatigue by 21%.<\/li>\n<li style=\"text-align: left;\">protects against harmful solar radiation, and even plants sequester harmful carbon dioxide in the air, so they also have the power to clean the air.<\/li>\n<li style=\"text-align: left;\">absorbs 70% of harmful solar radiation, making summer heat more pleasant.<\/li>\n<li style=\"text-align: left;\">it provides more humid, fresher air that improves the microclimate of our garden.<\/li>\n<li style=\"text-align: left;\">it protects the building from hitting rain, from frost  and it is able to absorb some of the urban dust.<\/li>\n<li style=\"text-align: left;\">thanks to the foliage, some of the leaves absorb the sound waves and some reflect them, thus significantly reducing noise pollution.<\/li>\n<\/ul>\n\t\t<\/div>\n\t\t\t\t\t<\/div>\n\n\t\n<\/div>\n\t\t<\/div>\n\n\t\t\n<style>\n#section_1601567270 {\n  padding-top: 0px;\n  padding-bottom: 0px;\n}\n#section_1601567270 .section-bg-overlay {\n  background-color: rgba(255, 255, 255, 0.85);\n}\n#section_1601567270 .ux-shape-divider--top svg {\n  height: 150px;\n  --divider-top-width: 100%;\n}\n#section_1601567270 .ux-shape-divider--bottom svg {\n  height: 150px;\n  --divider-width: 100%;\n}\n<\/style>\n\t<\/section>","protected":false},"excerpt":{"rendered":"<p>Borosty\u00e1n-panel \u201e\u00c9l\u0151, \u00f6r\u00f6kz\u00f6ld fal, azonnal,b\u00e1rhol &#8211; Borosty\u00e1n-panel&#8221;<\/p>","protected":false},"author":2,"featured_media":440,"parent":0,"menu_order":0,"comment_status":"closed","ping_status":"closed","template":"","meta":{"footnotes":""},"class_list":["post-334","page","type-page","status-publish","has-post-thumbnail","hentry"],"yoast_head":"<!-- This site is optimized with the Yoast SEO plugin v26.0 - https:\/\/yoast.com\/wordpress\/plugins\/seo\/ -->\n<title>Borosty\u00e1npanel eszt\u00e9tikus \u00e9s k\u00f6rnyezetbar\u00e1t | Hajdankert Borosty\u00e1nfal<\/title>\n<meta name=\"description\" content=\"Gyorsan telep\u00edthet\u0151, hossz\u00fa \u00e9lettartam\u00fa borosty\u00e1npanel. A borosty\u00e1nfal k\u00f6rnyezetbar\u00e1t v\u00e1laszt\u00e1s az eszt\u00e9tikus d\u00edsz\u00edt\u00e9sre, biztons\u00e1gos elv\u00e1laszt\u00e1s\u00e1ra.\" \/>\n<meta name=\"robots\" content=\"index, follow, max-snippet:-1, max-image-preview:large, max-video-preview:-1\" \/>\n<link rel=\"canonical\" href=\"https:\/\/hajdankert.hu\/en\/borostyanpanel\/\" \/>\n<meta property=\"og:locale\" content=\"en_GB\" \/>\n<meta property=\"og:type\" content=\"article\" \/>\n<meta property=\"og:title\" content=\"Borosty\u00e1npanel eszt\u00e9tikus \u00e9s k\u00f6rnyezetbar\u00e1t | Hajdankert Borosty\u00e1nfal\" \/>\n<meta property=\"og:description\" content=\"Gyorsan telep\u00edthet\u0151, hossz\u00fa \u00e9lettartam\u00fa borosty\u00e1npanel. A borosty\u00e1nfal k\u00f6rnyezetbar\u00e1t v\u00e1laszt\u00e1s az eszt\u00e9tikus d\u00edsz\u00edt\u00e9sre, biztons\u00e1gos elv\u00e1laszt\u00e1s\u00e1ra.\" \/>\n<meta property=\"og:url\" content=\"https:\/\/hajdankert.hu\/en\/borostyanpanel\/\" \/>\n<meta property=\"og:site_name\" content=\"Hajdankert\" \/>\n<meta property=\"article:modified_time\" content=\"2022-01-22T21:45:52+00:00\" \/>\n<meta property=\"og:image\" content=\"https:\/\/hajdankert.hu\/wp-content\/uploads\/2020\/06\/5a49fb49377f76cf93ecdadce8dee12e.jpg\" \/>\n\t<meta property=\"og:image:width\" content=\"600\" \/>\n\t<meta property=\"og:image:height\" content=\"600\" \/>\n\t<meta property=\"og:image:type\" content=\"image\/jpeg\" \/>\n<meta name=\"twitter:card\" content=\"summary_large_image\" \/>\n<meta name=\"twitter:label1\" content=\"Estimated reading time\" \/>\n\t<meta name=\"twitter:data1\" content=\"5 minutes\" \/>\n<script type=\"application\/ld+json\" class=\"yoast-schema-graph\">{\"@context\":\"https:\/\/schema.org\",\"@graph\":[{\"@type\":\"WebPage\",\"@id\":\"https:\/\/hajdankert.hu\/borostyanpanel\/\",\"url\":\"https:\/\/hajdankert.hu\/borostyanpanel\/\",\"name\":\"Borosty\u00e1npanel eszt\u00e9tikus \u00e9s k\u00f6rnyezetbar\u00e1t | Hajdankert Borosty\u00e1nfal\",\"isPartOf\":{\"@id\":\"https:\/\/hajdankert.hu\/#website\"},\"primaryImageOfPage\":{\"@id\":\"https:\/\/hajdankert.hu\/borostyanpanel\/#primaryimage\"},\"image\":{\"@id\":\"https:\/\/hajdankert.hu\/borostyanpanel\/#primaryimage\"},\"thumbnailUrl\":\"https:\/\/hajdankert.hu\/wp-content\/uploads\/2020\/06\/5a49fb49377f76cf93ecdadce8dee12e.jpg\",\"datePublished\":\"2020-06-21T21:07:11+00:00\",\"dateModified\":\"2022-01-22T21:45:52+00:00\",\"description\":\"Gyorsan telep\u00edthet\u0151, hossz\u00fa \u00e9lettartam\u00fa borosty\u00e1npanel. A borosty\u00e1nfal k\u00f6rnyezetbar\u00e1t v\u00e1laszt\u00e1s az eszt\u00e9tikus d\u00edsz\u00edt\u00e9sre, biztons\u00e1gos elv\u00e1laszt\u00e1s\u00e1ra.\",\"breadcrumb\":{\"@id\":\"https:\/\/hajdankert.hu\/borostyanpanel\/#breadcrumb\"},\"inLanguage\":\"en-GB\",\"potentialAction\":[{\"@type\":\"ReadAction\",\"target\":[\"https:\/\/hajdankert.hu\/borostyanpanel\/\"]}]},{\"@type\":\"ImageObject\",\"inLanguage\":\"en-GB\",\"@id\":\"https:\/\/hajdankert.hu\/borostyanpanel\/#primaryimage\",\"url\":\"https:\/\/hajdankert.hu\/wp-content\/uploads\/2020\/06\/5a49fb49377f76cf93ecdadce8dee12e.jpg\",\"contentUrl\":\"https:\/\/hajdankert.hu\/wp-content\/uploads\/2020\/06\/5a49fb49377f76cf93ecdadce8dee12e.jpg\",\"width\":600,\"height\":600,\"caption\":\"borosty\u00e1npanel\"},{\"@type\":\"BreadcrumbList\",\"@id\":\"https:\/\/hajdankert.hu\/borostyanpanel\/#breadcrumb\",\"itemListElement\":[{\"@type\":\"ListItem\",\"position\":1,\"name\":\"Home\",\"item\":\"https:\/\/hajdankert.hu\/\"},{\"@type\":\"ListItem\",\"position\":2,\"name\":\"Borosty\u00e1nfal\"}]},{\"@type\":\"WebSite\",\"@id\":\"https:\/\/hajdankert.hu\/#website\",\"url\":\"https:\/\/hajdankert.hu\/\",\"name\":\"Hajdankert\",\"description\":\"Borosty\u00e1npanel | \u00c9l\u0151 \u00f6r\u00f6kz\u00f6ld fal azonnal, b\u00e1rhol\",\"publisher\":{\"@id\":\"https:\/\/hajdankert.hu\/#organization\"},\"potentialAction\":[{\"@type\":\"SearchAction\",\"target\":{\"@type\":\"EntryPoint\",\"urlTemplate\":\"https:\/\/hajdankert.hu\/?s={search_term_string}\"},\"query-input\":{\"@type\":\"PropertyValueSpecification\",\"valueRequired\":true,\"valueName\":\"search_term_string\"}}],\"inLanguage\":\"en-GB\"},{\"@type\":\"Organization\",\"@id\":\"https:\/\/hajdankert.hu\/#organization\",\"name\":\"Hajdankert\",\"url\":\"https:\/\/hajdankert.hu\/\",\"logo\":{\"@type\":\"ImageObject\",\"inLanguage\":\"en-GB\",\"@id\":\"https:\/\/hajdankert.hu\/#\/schema\/logo\/image\/\",\"url\":\"https:\/\/hajdankert.hu\/wp-content\/uploads\/2020\/06\/hajdankert_logo-page-001-scaled.jpg\",\"contentUrl\":\"https:\/\/hajdankert.hu\/wp-content\/uploads\/2020\/06\/hajdankert_logo-page-001-scaled.jpg\",\"width\":2560,\"height\":1946,\"caption\":\"Hajdankert\"},\"image\":{\"@id\":\"https:\/\/hajdankert.hu\/#\/schema\/logo\/image\/\"}}]}<\/script>\n<!-- \/ Yoast SEO plugin. -->","yoast_head_json":{"title":"Borosty\u00e1npanel eszt\u00e9tikus \u00e9s k\u00f6rnyezetbar\u00e1t | Hajdankert Borosty\u00e1nfal","description":"Gyorsan telep\u00edthet\u0151, hossz\u00fa \u00e9lettartam\u00fa borosty\u00e1npanel. A borosty\u00e1nfal k\u00f6rnyezetbar\u00e1t v\u00e1laszt\u00e1s az eszt\u00e9tikus d\u00edsz\u00edt\u00e9sre, biztons\u00e1gos elv\u00e1laszt\u00e1s\u00e1ra.","robots":{"index":"index","follow":"follow","max-snippet":"max-snippet:-1","max-image-preview":"max-image-preview:large","max-video-preview":"max-video-preview:-1"},"canonical":"https:\/\/hajdankert.hu\/en\/borostyanpanel\/","og_locale":"en_GB","og_type":"article","og_title":"Borosty\u00e1npanel eszt\u00e9tikus \u00e9s k\u00f6rnyezetbar\u00e1t | Hajdankert Borosty\u00e1nfal","og_description":"Gyorsan telep\u00edthet\u0151, hossz\u00fa \u00e9lettartam\u00fa borosty\u00e1npanel. A borosty\u00e1nfal k\u00f6rnyezetbar\u00e1t v\u00e1laszt\u00e1s az eszt\u00e9tikus d\u00edsz\u00edt\u00e9sre, biztons\u00e1gos elv\u00e1laszt\u00e1s\u00e1ra.","og_url":"https:\/\/hajdankert.hu\/en\/borostyanpanel\/","og_site_name":"Hajdankert","article_modified_time":"2022-01-22T21:45:52+00:00","og_image":[{"width":600,"height":600,"url":"https:\/\/hajdankert.hu\/wp-content\/uploads\/2020\/06\/5a49fb49377f76cf93ecdadce8dee12e.jpg","type":"image\/jpeg"}],"twitter_card":"summary_large_image","twitter_misc":{"Estimated reading time":"5 minutes"},"schema":{"@context":"https:\/\/schema.org","@graph":[{"@type":"WebPage","@id":"https:\/\/hajdankert.hu\/borostyanpanel\/","url":"https:\/\/hajdankert.hu\/borostyanpanel\/","name":"Borosty\u00e1npanel eszt\u00e9tikus \u00e9s k\u00f6rnyezetbar\u00e1t | Hajdankert Borosty\u00e1nfal","isPartOf":{"@id":"https:\/\/hajdankert.hu\/#website"},"primaryImageOfPage":{"@id":"https:\/\/hajdankert.hu\/borostyanpanel\/#primaryimage"},"image":{"@id":"https:\/\/hajdankert.hu\/borostyanpanel\/#primaryimage"},"thumbnailUrl":"https:\/\/hajdankert.hu\/wp-content\/uploads\/2020\/06\/5a49fb49377f76cf93ecdadce8dee12e.jpg","datePublished":"2020-06-21T21:07:11+00:00","dateModified":"2022-01-22T21:45:52+00:00","description":"Gyorsan telep\u00edthet\u0151, hossz\u00fa \u00e9lettartam\u00fa borosty\u00e1npanel. A borosty\u00e1nfal k\u00f6rnyezetbar\u00e1t v\u00e1laszt\u00e1s az eszt\u00e9tikus d\u00edsz\u00edt\u00e9sre, biztons\u00e1gos elv\u00e1laszt\u00e1s\u00e1ra.","breadcrumb":{"@id":"https:\/\/hajdankert.hu\/borostyanpanel\/#breadcrumb"},"inLanguage":"en-GB","potentialAction":[{"@type":"ReadAction","target":["https:\/\/hajdankert.hu\/borostyanpanel\/"]}]},{"@type":"ImageObject","inLanguage":"en-GB","@id":"https:\/\/hajdankert.hu\/borostyanpanel\/#primaryimage","url":"https:\/\/hajdankert.hu\/wp-content\/uploads\/2020\/06\/5a49fb49377f76cf93ecdadce8dee12e.jpg","contentUrl":"https:\/\/hajdankert.hu\/wp-content\/uploads\/2020\/06\/5a49fb49377f76cf93ecdadce8dee12e.jpg","width":600,"height":600,"caption":"borosty\u00e1npanel"},{"@type":"BreadcrumbList","@id":"https:\/\/hajdankert.hu\/borostyanpanel\/#breadcrumb","itemListElement":[{"@type":"ListItem","position":1,"name":"Home","item":"https:\/\/hajdankert.hu\/"},{"@type":"ListItem","position":2,"name":"Borosty\u00e1nfal"}]},{"@type":"WebSite","@id":"https:\/\/hajdankert.hu\/#website","url":"https:\/\/hajdankert.hu\/","name":"Hajdankert","description":"Borosty\u00e1npanel | \u00c9l\u0151 \u00f6r\u00f6kz\u00f6ld fal azonnal, b\u00e1rhol","publisher":{"@id":"https:\/\/hajdankert.hu\/#organization"},"potentialAction":[{"@type":"SearchAction","target":{"@type":"EntryPoint","urlTemplate":"https:\/\/hajdankert.hu\/?s={search_term_string}"},"query-input":{"@type":"PropertyValueSpecification","valueRequired":true,"valueName":"search_term_string"}}],"inLanguage":"en-GB"},{"@type":"Organization","@id":"https:\/\/hajdankert.hu\/#organization","name":"Hajdankert","url":"https:\/\/hajdankert.hu\/","logo":{"@type":"ImageObject","inLanguage":"en-GB","@id":"https:\/\/hajdankert.hu\/#\/schema\/logo\/image\/","url":"https:\/\/hajdankert.hu\/wp-content\/uploads\/2020\/06\/hajdankert_logo-page-001-scaled.jpg","contentUrl":"https:\/\/hajdankert.hu\/wp-content\/uploads\/2020\/06\/hajdankert_logo-page-001-scaled.jpg","width":2560,"height":1946,"caption":"Hajdankert"},"image":{"@id":"https:\/\/hajdankert.hu\/#\/schema\/logo\/image\/"}}]}},"_links":{"self":[{"href":"https:\/\/hajdankert.hu\/en\/wp-json\/wp\/v2\/pages\/334","targetHints":{"allow":["GET"]}}],"collection":[{"href":"https:\/\/hajdankert.hu\/en\/wp-json\/wp\/v2\/pages"}],"about":[{"href":"https:\/\/hajdankert.hu\/en\/wp-json\/wp\/v2\/types\/page"}],"author":[{"embeddable":true,"href":"https:\/\/hajdankert.hu\/en\/wp-json\/wp\/v2\/users\/2"}],"replies":[{"embeddable":true,"href":"https:\/\/hajdankert.hu\/en\/wp-json\/wp\/v2\/comments?post=334"}],"version-history":[{"count":58,"href":"https:\/\/hajdankert.hu\/en\/wp-json\/wp\/v2\/pages\/334\/revisions"}],"predecessor-version":[{"id":1038,"href":"https:\/\/hajdankert.hu\/en\/wp-json\/wp\/v2\/pages\/334\/revisions\/1038"}],"wp:featuredmedia":[{"embeddable":true,"href":"https:\/\/hajdankert.hu\/en\/wp-json\/wp\/v2\/media\/440"}],"wp:attachment":[{"href":"https:\/\/hajdankert.hu\/en\/wp-json\/wp\/v2\/media?parent=334"}],"curies":[{"name":"wp","href":"https:\/\/api.w.org\/{rel}","templated":true}]}}