{"id":336,"date":"2020-06-21T23:07:24","date_gmt":"2020-06-21T21:07:24","guid":{"rendered":"https:\/\/hajdankert.hu\/?page_id=336"},"modified":"2020-08-24T10:52:44","modified_gmt":"2020-08-24T08:52:44","slug":"kerttervezes-es-kertepites-szolgaltatas","status":"publish","type":"page","link":"https:\/\/hajdankert.hu\/en\/kerttervezes-es-kertepites-szolgaltatas\/","title":{"rendered":"SERVICES"},"content":{"rendered":"<h1>SERVICES<\/h1>\n<h2><strong>Hajdankert garden design and garden construction<\/strong><\/h2>\n<p>We are building the garden of your dreams!<\/p>\n<p>Our main field of activity is garden design and related garden architecture services. Our goal is to make private and municipal gardens and parks more beautiful.<br \/>\nChoose the services of Hajdankert Kft. for the courtyard of your dreams or for the construction of nicely designed green parts of the city!<\/p>\n\t<section class=\"section\" id=\"section_1197412995\">\n\t\t<div class=\"bg section-bg fill bg-fill  bg-loaded\" >\n\n\t\t\t\n\t\t\t<div class=\"section-bg-overlay absolute fill\"><\/div>\n\t\t\t\n\t<div class=\"is-border\"\n\t\tstyle=\"border-width:0px 0px 0px 0px;margin:0px 0px 0px 0px;\">\n\t<\/div>\n\n\t\t<\/div>\n\n\t\t\n\n\t\t<div class=\"section-content relative\">\n\t\t\t\n<div class=\"row row-large align-middle\"  id=\"row-1282420933\">\n\n\t<div id=\"col-1826951044\" class=\"col medium-6 small-12 large-6\"  >\n\t\t\t\t<div class=\"col-inner text-left\"  >\n\t\t\t\n\t\t\t\n<h3><strong>Garden designing<\/strong><\/h3>\n<p><strong>\u00a0<\/strong>Designed individually for you!<\/p>\n<p>Rendelkez\u00e9sre \u00e1llunk megl\u00e9v\u0151 kertje sz\u00e9p\u00edt\u00e9se, \u00e1t\u00e9p\u00edt\u00e9se eset\u00e9n, vagy ha az alapokt\u00f3l kezdve sz\u00fcks\u00e9ge van \u00e1lmai udvar\u00e1nak megtervez\u00e9s\u00e9re.<\/p>\n<p>The goal of our personalized service is to design a garden in your home that expresses the personality of its owner, faithfully reflecting the harmony with the other structures in the yard. When designing a garden, it is extremely important that the garden is practical and that the plants are ideally placed to adapt to the weather conditions. If this is met, your garden will function properly in addition to providing an aesthetic look.<\/p>\n<p>Before starting garden designing, it is worth considering several questions in order not to regret your decision and where to invest your money after construction:<\/p>\n<ul>\n<li>are the terrain conditions appropriate and compatible with the dreamed garden?<\/li>\n<li>do you want to decorate with special exotic plants to  your yard? Are they able to survive the weather conditions where the plants they were plant?<\/li>\n<li>even if there is a small child in the family, the plants are safe and do not cause allergies to family members<\/li>\n<li>do you need fencing, mole nets to protect plants from animals?<\/li>\n<\/ul>\n<p>During the preliminary field tour and survey, our colleagues answer these questions and draw attention to the dangers and risks. Our goal is to find a solution to the problems together and satisfy every need with the best professional knowledge.<\/p>\n<p>We help you design the garden of your dreams, where relaxation can be the main role!<\/p>\n\t\t<\/div>\n\t\t\t\t\n<style>\n#col-1826951044 > .col-inner {\n  padding: 0px 0px 72px 0px;\n}\n<\/style>\n\t<\/div>\n\n\t\n\n\t<div id=\"col-1907616660\" class=\"col medium-6 small-12 large-6\"  >\n\t\t\t\t<div class=\"col-inner box-shadow-2 box-shadow-5-hover\" style=\"background-color:rgb(255, 255, 255);\" >\n\t\t\t\n\t<div class=\"is-border\"\n\t\tstyle=\"border-width:0px 0px 0px 0px;\">\n\t<\/div>\n\t\t\t\n\t<div class=\"img has-hover x md-x lg-x y md-y lg-y\" id=\"image_2075685627\">\n\t\t\t\t\t\t\t\t<div class=\"img-inner dark\" >\n\t\t\t<img loading=\"lazy\" decoding=\"async\" width=\"1020\" height=\"574\" src=\"https:\/\/hajdankert.hu\/wp-content\/uploads\/2020\/06\/fekvo_03.jpg\" class=\"attachment-large size-large\" alt=\"\" srcset=\"https:\/\/hajdankert.hu\/wp-content\/uploads\/2020\/06\/fekvo_03.jpg 1200w, https:\/\/hajdankert.hu\/wp-content\/uploads\/2020\/06\/fekvo_03-711x400.jpg 711w, https:\/\/hajdankert.hu\/wp-content\/uploads\/2020\/06\/fekvo_03-768x432.jpg 768w\" sizes=\"auto, (max-width: 1020px) 100vw, 1020px\" \/>\t\t\t\t\t\t\n\t\t\t\t\t<\/div>\n\t\t\t\t\t\t\t\t\n<style>\n#image_2075685627 {\n  width: 100%;\n}\n<\/style>\n\t<\/div>\n\t\n\t<div class=\"img has-hover x md-x lg-x y md-y lg-y\" id=\"image_688095106\">\n\t\t\t\t\t\t\t\t<div class=\"img-inner dark\" >\n\t\t\t<img loading=\"lazy\" decoding=\"async\" width=\"1020\" height=\"574\" src=\"https:\/\/hajdankert.hu\/wp-content\/uploads\/2020\/06\/fekvo_07.jpg\" class=\"attachment-large size-large\" alt=\"kert\u00e9p\u00edt\u00e9s- medence\" srcset=\"https:\/\/hajdankert.hu\/wp-content\/uploads\/2020\/06\/fekvo_07.jpg 1200w, https:\/\/hajdankert.hu\/wp-content\/uploads\/2020\/06\/fekvo_07-711x400.jpg 711w, https:\/\/hajdankert.hu\/wp-content\/uploads\/2020\/06\/fekvo_07-768x432.jpg 768w\" sizes=\"auto, (max-width: 1020px) 100vw, 1020px\" \/>\t\t\t\t\t\t\n\t\t\t\t\t<\/div>\n\t\t\t\t\t\t\t\t\n<style>\n#image_688095106 {\n  width: 100%;\n}\n<\/style>\n\t<\/div>\n\t\n\t<div class=\"img has-hover x md-x lg-x y md-y lg-y\" id=\"image_1774293864\">\n\t\t\t\t\t\t\t\t<div class=\"img-inner dark\" >\n\t\t\t<img loading=\"lazy\" decoding=\"async\" width=\"1020\" height=\"574\" src=\"https:\/\/hajdankert.hu\/wp-content\/uploads\/2020\/06\/fekvo_05.jpg\" class=\"attachment-large size-large\" alt=\"kert\u00e9p\u00edt\u00e9s- medence2\" srcset=\"https:\/\/hajdankert.hu\/wp-content\/uploads\/2020\/06\/fekvo_05.jpg 1200w, https:\/\/hajdankert.hu\/wp-content\/uploads\/2020\/06\/fekvo_05-711x400.jpg 711w, https:\/\/hajdankert.hu\/wp-content\/uploads\/2020\/06\/fekvo_05-768x432.jpg 768w\" sizes=\"auto, (max-width: 1020px) 100vw, 1020px\" \/>\t\t\t\t\t\t\n\t\t\t\t\t<\/div>\n\t\t\t\t\t\t\t\t\n<style>\n#image_1774293864 {\n  width: 100%;\n}\n<\/style>\n\t<\/div>\n\t\n\t<div class=\"img has-hover x md-x lg-x y md-y lg-y\" id=\"image_121924387\">\n\t\t\t\t\t\t\t\t<div class=\"img-inner dark\" >\n\t\t\t<img loading=\"lazy\" decoding=\"async\" width=\"1020\" height=\"574\" src=\"https:\/\/hajdankert.hu\/wp-content\/uploads\/2020\/06\/fekvo_11.jpg\" class=\"attachment-large size-large\" alt=\"borsty\u00e1nfal-kerttervez\u00e9s referencia\" srcset=\"https:\/\/hajdankert.hu\/wp-content\/uploads\/2020\/06\/fekvo_11.jpg 1200w, https:\/\/hajdankert.hu\/wp-content\/uploads\/2020\/06\/fekvo_11-711x400.jpg 711w, https:\/\/hajdankert.hu\/wp-content\/uploads\/2020\/06\/fekvo_11-768x432.jpg 768w\" sizes=\"auto, (max-width: 1020px) 100vw, 1020px\" \/>\t\t\t\t\t\t\n\t\t\t\t\t<\/div>\n\t\t\t\t\t\t\t\t\n<style>\n#image_121924387 {\n  width: 100%;\n}\n<\/style>\n\t<\/div>\n\t\n\t\t<\/div>\n\t\t\t\t\n<style>\n#col-1907616660 > .col-inner {\n  padding: 15px 15px 15px 15px;\n}\n<\/style>\n\t<\/div>\n\n\t\n<\/div>\n\t\t<\/div>\n\n\t\t\n<style>\n#section_1197412995 {\n  padding-top: 15px;\n  padding-bottom: 15px;\n  background-color: rgb(255, 255, 255);\n}\n#section_1197412995 .section-bg-overlay {\n  background-color: rgba(255, 255, 255, 0.85);\n}\n#section_1197412995 .ux-shape-divider--top svg {\n  height: 150px;\n  --divider-top-width: 100%;\n}\n#section_1197412995 .ux-shape-divider--bottom svg {\n  height: 150px;\n  --divider-width: 100%;\n}\n<\/style>\n\t<\/section>\n\t\n\t<section class=\"section\" id=\"section_1529300626\">\n\t\t<div class=\"bg section-bg fill bg-fill  bg-loaded\" >\n\n\t\t\t\n\t\t\t<div class=\"section-bg-overlay absolute fill\"><\/div>\n\t\t\t\n\t<div class=\"is-border\"\n\t\tstyle=\"border-color:rgb(235, 235, 235);border-width:1px 0px 0px 0px;margin:-19px 22px 0px 0px;\">\n\t<\/div>\n\n\t\t<\/div>\n\n\t\t\n\n\t\t<div class=\"section-content relative\">\n\t\t\t\n<div class=\"row row-large align-middle align-center\"  id=\"row-85118580\">\n\n\t<div id=\"col-1640257520\" class=\"col medium-6 small-12 large-6\"  >\n\t\t\t\t<div class=\"col-inner box-shadow-2 box-shadow-5-hover\" style=\"background-color:rgb(255, 255, 255);\" >\n\t\t\t\n\t\t\t\n\t<div class=\"img has-hover x md-x lg-x y md-y lg-y\" id=\"image_1444028246\">\n\t\t\t\t\t\t\t\t<div class=\"img-inner box-shadow-2 box-shadow-2-hover dark\" >\n\t\t\t<img loading=\"lazy\" decoding=\"async\" width=\"600\" height=\"1067\" src=\"https:\/\/hajdankert.hu\/wp-content\/uploads\/2020\/06\/allo_11.jpg\" class=\"attachment-original size-original\" alt=\"hajdankert_gyep\" srcset=\"https:\/\/hajdankert.hu\/wp-content\/uploads\/2020\/06\/allo_11.jpg 600w, https:\/\/hajdankert.hu\/wp-content\/uploads\/2020\/06\/allo_11-225x400.jpg 225w, https:\/\/hajdankert.hu\/wp-content\/uploads\/2020\/06\/allo_11-450x800.jpg 450w\" sizes=\"auto, (max-width: 600px) 100vw, 600px\" \/>\t\t\t\t\t\t\n\t\t\t\t\t<\/div>\n\t\t\t\t\t\t\t\t\n<style>\n#image_1444028246 {\n  width: 100%;\n}\n<\/style>\n\t<\/div>\n\t\n\t\t<\/div>\n\t\t\t\t\n<style>\n#col-1640257520 > .col-inner {\n  padding: 15px 15px 15px 15px;\n}\n<\/style>\n\t<\/div>\n\n\t\n\n\t<div id=\"col-989538146\" class=\"col medium-6 small-12 large-6\"  >\n\t\t\t\t<div class=\"col-inner text-center\"  >\n\t\t\t\n\t\t\t\n<h3 style=\"text-align: left;\"><strong>2, Landscape gardening<\/strong><\/h3>\n<p style=\"text-align: left;\">To bild a garden, no matter how simple it may seem, cries out for expertise and quality raw materials. Our long-term goal is to build gardens and parks in private and municipal areas that are timeless, practical, but also spectacular.<\/p>\n<h4 style=\"text-align: left;\"><strong>How do we help to design a garden?<\/strong><\/h4>\n<ul style=\"text-align: left;\">\n<li>gardening processes are preceded by weed removal, bush clearing, review of existing vegetation, relocation and pruning if necessary.<\/li>\n<li>in the course of our service, we provide good quality arable land that contributes to meeting the ideal nutrient needs of plants.<\/li>\n<li>we take care of the professional planting of the planted plants in the most suitable place for them.<\/li>\n<li>on request, we are also available for the installation and laying of artificial grass. Artificial grass is an increasingly widely accepted and popular evergreen lawn rug, and the types we sell meet the highest demands.<\/li>\n<li>we offer an immediate solution to any problems that may arise, tailored to your wishes.<\/li>\n<\/ul>\n\t\t<\/div>\n\t\t\t\t\n<style>\n#col-989538146 > .col-inner {\n  margin: 0px 0px 200px 0px;\n}\n<\/style>\n\t<\/div>\n\n\t\n\n<style>\n#row-85118580 > .col > .col-inner {\n  padding: 0px 0px 0px 0px;\n}\n<\/style>\n<\/div>\n<h4 style=\"text-align: center;\">Let's build your long-planned garden together!<br \/>\n<a href=\"https:\/\/hajdankert.hu\/en\/kapcsolat\/\">Get the help of<\/a> our team of experts to build your practical and timeless garden into your home with outstanding expertise!<\/h4>\n<h4 style=\"text-align: center;\">Upon request, we can also help with garden care after garden construction.<\/h4>\n<h4 style=\"text-align: center;\">In addition to the planning and construction of private gardens, we undertake the renovation of public, institutional and municipal parks and the creation of green space.<\/h4>\n\t\t<\/div>\n\n\t\t\n<style>\n#section_1529300626 {\n  padding-top: 0px;\n  padding-bottom: 0px;\n  min-height: 300px;\n  background-color: rgb(255, 255, 255);\n}\n#section_1529300626 .section-bg-overlay {\n  background-color: rgba(255, 255, 255, 0.85);\n}\n#section_1529300626 .ux-shape-divider--top svg {\n  height: 150px;\n  --divider-top-width: 100%;\n}\n#section_1529300626 .ux-shape-divider--bottom svg {\n  height: 150px;\n  --divider-width: 100%;\n}\n<\/style>\n\t<\/section>","protected":false},"excerpt":{"rendered":"<p>SZOLG\u00c1LTAT\u00c1SOK Hajdankert kerttervez\u00e9s \u00e9s kert\u00e9p\u00edt\u00e9s Meg\u00e9p\u00edtj\u00fck \u00e1lmai kertj\u00e9t! F\u0151 tev\u00e9kenys\u00e9gi k\u00f6r\u00fcnk a kerttervez\u00e9s \u00e9s az ehhez kapcsol\u00f3d\u00f3 kert\u00e9p\u00edt\u00e9szeti szolg\u00e1ltat\u00e1sok. C\u00e9lunk, hogy szebb\u00e9 var\u00e1zsoljuk a mag\u00e1n \u00e9s \u00f6nkorm\u00e1nyzati kerteket, parkokat. \u00c1lmai udvar\u00e1hoz vagy az ig\u00e9nyesen kialak\u00edtott, z\u00f6ld v\u00e1rosr\u00e9szek kivitelez\u00e9s\u00e9hez v\u00e1lassza a Hajdankert Kft. szolg\u00e1ltat\u00e1sait!<\/p>","protected":false},"author":2,"featured_media":292,"parent":0,"menu_order":0,"comment_status":"closed","ping_status":"closed","template":"","meta":{"footnotes":""},"class_list":["post-336","page","type-page","status-publish","has-post-thumbnail","hentry"],"yoast_head":"<!-- This site is optimized with the Yoast SEO plugin v26.0 - https:\/\/yoast.com\/wordpress\/plugins\/seo\/ -->\n<title>Kerttervez\u00e9s \u00e9s Kert\u00e9p\u00edt\u00e9s Szolg\u00e1ltat\u00e1s | Hajdankert Kft.<\/title>\n<meta name=\"description\" content=\"Kerttervez\u00e9s \u00e9s kert\u00e9p\u00edt\u00e9s egyedi ig\u00e9nyekhez igazodva, min\u0151s\u00e9gi alapanyagokb\u00f3l. Val\u00f3s\u00edtsa meg \u00e1lmai kertj\u00e9t a Hajdankert Kft. seg\u00edts\u00e9g\u00e9vel!\" \/>\n<meta name=\"robots\" content=\"index, follow, max-snippet:-1, max-image-preview:large, max-video-preview:-1\" \/>\n<link rel=\"canonical\" href=\"https:\/\/hajdankert.hu\/en\/kerttervezes-es-kertepites-szolgaltatas\/\" \/>\n<meta property=\"og:locale\" content=\"en_GB\" \/>\n<meta property=\"og:type\" content=\"article\" \/>\n<meta property=\"og:title\" content=\"Kerttervez\u00e9s \u00e9s Kert\u00e9p\u00edt\u00e9s Szolg\u00e1ltat\u00e1s | Hajdankert Kft.\" \/>\n<meta property=\"og:description\" content=\"Kerttervez\u00e9s \u00e9s kert\u00e9p\u00edt\u00e9s egyedi ig\u00e9nyekhez igazodva, min\u0151s\u00e9gi alapanyagokb\u00f3l. Val\u00f3s\u00edtsa meg \u00e1lmai kertj\u00e9t a Hajdankert Kft. seg\u00edts\u00e9g\u00e9vel!\" \/>\n<meta property=\"og:url\" content=\"https:\/\/hajdankert.hu\/en\/kerttervezes-es-kertepites-szolgaltatas\/\" \/>\n<meta property=\"og:site_name\" content=\"Hajdankert\" \/>\n<meta property=\"article:modified_time\" content=\"2020-08-24T08:52:44+00:00\" \/>\n<meta property=\"og:image\" content=\"https:\/\/hajdankert.hu\/wp-content\/uploads\/2020\/06\/fekvo_11.jpg\" \/>\n\t<meta property=\"og:image:width\" content=\"1200\" \/>\n\t<meta property=\"og:image:height\" content=\"675\" \/>\n\t<meta property=\"og:image:type\" content=\"image\/jpeg\" \/>\n<meta name=\"twitter:card\" content=\"summary_large_image\" \/>\n<meta name=\"twitter:label1\" content=\"Estimated reading time\" \/>\n\t<meta name=\"twitter:data1\" content=\"4 minutes\" \/>\n<script type=\"application\/ld+json\" class=\"yoast-schema-graph\">{\"@context\":\"https:\/\/schema.org\",\"@graph\":[{\"@type\":\"WebPage\",\"@id\":\"https:\/\/hajdankert.hu\/kerttervezes-es-kertepites-szolgaltatas\/\",\"url\":\"https:\/\/hajdankert.hu\/kerttervezes-es-kertepites-szolgaltatas\/\",\"name\":\"Kerttervez\u00e9s \u00e9s Kert\u00e9p\u00edt\u00e9s Szolg\u00e1ltat\u00e1s | Hajdankert Kft.\",\"isPartOf\":{\"@id\":\"https:\/\/hajdankert.hu\/#website\"},\"primaryImageOfPage\":{\"@id\":\"https:\/\/hajdankert.hu\/kerttervezes-es-kertepites-szolgaltatas\/#primaryimage\"},\"image\":{\"@id\":\"https:\/\/hajdankert.hu\/kerttervezes-es-kertepites-szolgaltatas\/#primaryimage\"},\"thumbnailUrl\":\"https:\/\/hajdankert.hu\/wp-content\/uploads\/2020\/06\/fekvo_11.jpg\",\"datePublished\":\"2020-06-21T21:07:24+00:00\",\"dateModified\":\"2020-08-24T08:52:44+00:00\",\"description\":\"Kerttervez\u00e9s \u00e9s kert\u00e9p\u00edt\u00e9s egyedi ig\u00e9nyekhez igazodva, min\u0151s\u00e9gi alapanyagokb\u00f3l. Val\u00f3s\u00edtsa meg \u00e1lmai kertj\u00e9t a Hajdankert Kft. seg\u00edts\u00e9g\u00e9vel!\",\"breadcrumb\":{\"@id\":\"https:\/\/hajdankert.hu\/kerttervezes-es-kertepites-szolgaltatas\/#breadcrumb\"},\"inLanguage\":\"en-GB\",\"potentialAction\":[{\"@type\":\"ReadAction\",\"target\":[\"https:\/\/hajdankert.hu\/kerttervezes-es-kertepites-szolgaltatas\/\"]}]},{\"@type\":\"ImageObject\",\"inLanguage\":\"en-GB\",\"@id\":\"https:\/\/hajdankert.hu\/kerttervezes-es-kertepites-szolgaltatas\/#primaryimage\",\"url\":\"https:\/\/hajdankert.hu\/wp-content\/uploads\/2020\/06\/fekvo_11.jpg\",\"contentUrl\":\"https:\/\/hajdankert.hu\/wp-content\/uploads\/2020\/06\/fekvo_11.jpg\",\"width\":1200,\"height\":675,\"caption\":\"borsty\u00e1nfal-kerttervez\u00e9s referencia\"},{\"@type\":\"BreadcrumbList\",\"@id\":\"https:\/\/hajdankert.hu\/kerttervezes-es-kertepites-szolgaltatas\/#breadcrumb\",\"itemListElement\":[{\"@type\":\"ListItem\",\"position\":1,\"name\":\"Home\",\"item\":\"https:\/\/hajdankert.hu\/\"},{\"@type\":\"ListItem\",\"position\":2,\"name\":\"Szolg\u00e1ltat\u00e1sok\"}]},{\"@type\":\"WebSite\",\"@id\":\"https:\/\/hajdankert.hu\/#website\",\"url\":\"https:\/\/hajdankert.hu\/\",\"name\":\"Hajdankert\",\"description\":\"Borosty\u00e1npanel | \u00c9l\u0151 \u00f6r\u00f6kz\u00f6ld fal azonnal, b\u00e1rhol\",\"publisher\":{\"@id\":\"https:\/\/hajdankert.hu\/#organization\"},\"potentialAction\":[{\"@type\":\"SearchAction\",\"target\":{\"@type\":\"EntryPoint\",\"urlTemplate\":\"https:\/\/hajdankert.hu\/?s={search_term_string}\"},\"query-input\":{\"@type\":\"PropertyValueSpecification\",\"valueRequired\":true,\"valueName\":\"search_term_string\"}}],\"inLanguage\":\"en-GB\"},{\"@type\":\"Organization\",\"@id\":\"https:\/\/hajdankert.hu\/#organization\",\"name\":\"Hajdankert\",\"url\":\"https:\/\/hajdankert.hu\/\",\"logo\":{\"@type\":\"ImageObject\",\"inLanguage\":\"en-GB\",\"@id\":\"https:\/\/hajdankert.hu\/#\/schema\/logo\/image\/\",\"url\":\"https:\/\/hajdankert.hu\/wp-content\/uploads\/2020\/06\/hajdankert_logo-page-001-scaled.jpg\",\"contentUrl\":\"https:\/\/hajdankert.hu\/wp-content\/uploads\/2020\/06\/hajdankert_logo-page-001-scaled.jpg\",\"width\":2560,\"height\":1946,\"caption\":\"Hajdankert\"},\"image\":{\"@id\":\"https:\/\/hajdankert.hu\/#\/schema\/logo\/image\/\"}}]}<\/script>\n<!-- \/ Yoast SEO plugin. -->","yoast_head_json":{"title":"Kerttervez\u00e9s \u00e9s Kert\u00e9p\u00edt\u00e9s Szolg\u00e1ltat\u00e1s | Hajdankert Kft.","description":"Kerttervez\u00e9s \u00e9s kert\u00e9p\u00edt\u00e9s egyedi ig\u00e9nyekhez igazodva, min\u0151s\u00e9gi alapanyagokb\u00f3l. Val\u00f3s\u00edtsa meg \u00e1lmai kertj\u00e9t a Hajdankert Kft. seg\u00edts\u00e9g\u00e9vel!","robots":{"index":"index","follow":"follow","max-snippet":"max-snippet:-1","max-image-preview":"max-image-preview:large","max-video-preview":"max-video-preview:-1"},"canonical":"https:\/\/hajdankert.hu\/en\/kerttervezes-es-kertepites-szolgaltatas\/","og_locale":"en_GB","og_type":"article","og_title":"Kerttervez\u00e9s \u00e9s Kert\u00e9p\u00edt\u00e9s Szolg\u00e1ltat\u00e1s | Hajdankert Kft.","og_description":"Kerttervez\u00e9s \u00e9s kert\u00e9p\u00edt\u00e9s egyedi ig\u00e9nyekhez igazodva, min\u0151s\u00e9gi alapanyagokb\u00f3l. Val\u00f3s\u00edtsa meg \u00e1lmai kertj\u00e9t a Hajdankert Kft. seg\u00edts\u00e9g\u00e9vel!","og_url":"https:\/\/hajdankert.hu\/en\/kerttervezes-es-kertepites-szolgaltatas\/","og_site_name":"Hajdankert","article_modified_time":"2020-08-24T08:52:44+00:00","og_image":[{"width":1200,"height":675,"url":"https:\/\/hajdankert.hu\/wp-content\/uploads\/2020\/06\/fekvo_11.jpg","type":"image\/jpeg"}],"twitter_card":"summary_large_image","twitter_misc":{"Estimated reading time":"4 minutes"},"schema":{"@context":"https:\/\/schema.org","@graph":[{"@type":"WebPage","@id":"https:\/\/hajdankert.hu\/kerttervezes-es-kertepites-szolgaltatas\/","url":"https:\/\/hajdankert.hu\/kerttervezes-es-kertepites-szolgaltatas\/","name":"Kerttervez\u00e9s \u00e9s Kert\u00e9p\u00edt\u00e9s Szolg\u00e1ltat\u00e1s | Hajdankert Kft.","isPartOf":{"@id":"https:\/\/hajdankert.hu\/#website"},"primaryImageOfPage":{"@id":"https:\/\/hajdankert.hu\/kerttervezes-es-kertepites-szolgaltatas\/#primaryimage"},"image":{"@id":"https:\/\/hajdankert.hu\/kerttervezes-es-kertepites-szolgaltatas\/#primaryimage"},"thumbnailUrl":"https:\/\/hajdankert.hu\/wp-content\/uploads\/2020\/06\/fekvo_11.jpg","datePublished":"2020-06-21T21:07:24+00:00","dateModified":"2020-08-24T08:52:44+00:00","description":"Kerttervez\u00e9s \u00e9s kert\u00e9p\u00edt\u00e9s egyedi ig\u00e9nyekhez igazodva, min\u0151s\u00e9gi alapanyagokb\u00f3l. Val\u00f3s\u00edtsa meg \u00e1lmai kertj\u00e9t a Hajdankert Kft. seg\u00edts\u00e9g\u00e9vel!","breadcrumb":{"@id":"https:\/\/hajdankert.hu\/kerttervezes-es-kertepites-szolgaltatas\/#breadcrumb"},"inLanguage":"en-GB","potentialAction":[{"@type":"ReadAction","target":["https:\/\/hajdankert.hu\/kerttervezes-es-kertepites-szolgaltatas\/"]}]},{"@type":"ImageObject","inLanguage":"en-GB","@id":"https:\/\/hajdankert.hu\/kerttervezes-es-kertepites-szolgaltatas\/#primaryimage","url":"https:\/\/hajdankert.hu\/wp-content\/uploads\/2020\/06\/fekvo_11.jpg","contentUrl":"https:\/\/hajdankert.hu\/wp-content\/uploads\/2020\/06\/fekvo_11.jpg","width":1200,"height":675,"caption":"borsty\u00e1nfal-kerttervez\u00e9s referencia"},{"@type":"BreadcrumbList","@id":"https:\/\/hajdankert.hu\/kerttervezes-es-kertepites-szolgaltatas\/#breadcrumb","itemListElement":[{"@type":"ListItem","position":1,"name":"Home","item":"https:\/\/hajdankert.hu\/"},{"@type":"ListItem","position":2,"name":"Szolg\u00e1ltat\u00e1sok"}]},{"@type":"WebSite","@id":"https:\/\/hajdankert.hu\/#website","url":"https:\/\/hajdankert.hu\/","name":"Hajdankert","description":"Borosty\u00e1npanel | \u00c9l\u0151 \u00f6r\u00f6kz\u00f6ld fal azonnal, b\u00e1rhol","publisher":{"@id":"https:\/\/hajdankert.hu\/#organization"},"potentialAction":[{"@type":"SearchAction","target":{"@type":"EntryPoint","urlTemplate":"https:\/\/hajdankert.hu\/?s={search_term_string}"},"query-input":{"@type":"PropertyValueSpecification","valueRequired":true,"valueName":"search_term_string"}}],"inLanguage":"en-GB"},{"@type":"Organization","@id":"https:\/\/hajdankert.hu\/#organization","name":"Hajdankert","url":"https:\/\/hajdankert.hu\/","logo":{"@type":"ImageObject","inLanguage":"en-GB","@id":"https:\/\/hajdankert.hu\/#\/schema\/logo\/image\/","url":"https:\/\/hajdankert.hu\/wp-content\/uploads\/2020\/06\/hajdankert_logo-page-001-scaled.jpg","contentUrl":"https:\/\/hajdankert.hu\/wp-content\/uploads\/2020\/06\/hajdankert_logo-page-001-scaled.jpg","width":2560,"height":1946,"caption":"Hajdankert"},"image":{"@id":"https:\/\/hajdankert.hu\/#\/schema\/logo\/image\/"}}]}},"_links":{"self":[{"href":"https:\/\/hajdankert.hu\/en\/wp-json\/wp\/v2\/pages\/336","targetHints":{"allow":["GET"]}}],"collection":[{"href":"https:\/\/hajdankert.hu\/en\/wp-json\/wp\/v2\/pages"}],"about":[{"href":"https:\/\/hajdankert.hu\/en\/wp-json\/wp\/v2\/types\/page"}],"author":[{"embeddable":true,"href":"https:\/\/hajdankert.hu\/en\/wp-json\/wp\/v2\/users\/2"}],"replies":[{"embeddable":true,"href":"https:\/\/hajdankert.hu\/en\/wp-json\/wp\/v2\/comments?post=336"}],"version-history":[{"count":16,"href":"https:\/\/hajdankert.hu\/en\/wp-json\/wp\/v2\/pages\/336\/revisions"}],"predecessor-version":[{"id":775,"href":"https:\/\/hajdankert.hu\/en\/wp-json\/wp\/v2\/pages\/336\/revisions\/775"}],"wp:featuredmedia":[{"embeddable":true,"href":"https:\/\/hajdankert.hu\/en\/wp-json\/wp\/v2\/media\/292"}],"wp:attachment":[{"href":"https:\/\/hajdankert.hu\/en\/wp-json\/wp\/v2\/media?parent=336"}],"curies":[{"name":"wp","href":"https:\/\/api.w.org\/{rel}","templated":true}]}}