{"id":370,"date":"2020-06-21T23:18:00","date_gmt":"2020-06-21T21:18:00","guid":{"rendered":"https:\/\/hajdankert.hu\/?page_id=370"},"modified":"2022-02-03T17:02:35","modified_gmt":"2022-02-03T15:02:35","slug":"kapcsolat","status":"publish","type":"page","link":"https:\/\/hajdankert.hu\/en\/kapcsolat\/","title":{"rendered":"CONNECTION"},"content":{"rendered":"<div class=\"row\"  id=\"row-1447708856\">\n\n\t<div id=\"col-1682365566\" class=\"col medium-6 small-12 large-6\"  >\n\t\t\t\t<div class=\"col-inner\"  >\n\t\t\t\n\t\t\t\n<h1><span style=\"font-size: 20.16px; color: #333333;\">CONNECTION\u00a0<\/span><\/h1>\n<p><strong>In case of personal purchase:<\/strong><\/p>\n<p>\u00a0 Szentesi D\u00edszfaiskola \u2013 Szentes, V\u00e1s\u00e1rhelyi street 146, 6600<\/p>\n<p><strong>\u00a0 Opening hours:<\/strong> H-P: 08:00-16:00, Szo: 08:00-12:00, Vas\u00e1rnap: Z\u00c1RVA<\/p>\n<p><strong>Phone:<\/strong><\/p>\n<p><strong>\u00a0 S\u00e1rr\u00e9ti D\u00e1niel, <\/strong><span style=\"color: #e7af4e;\"><span style=\"color: #282828;\">degree in landscape and garden architecture:<\/span><\/span><strong><span style=\"color: #e7af4e;\"><a style=\"color: #e7af4e;\" href=\"tel:+36302245757\">+36 30 224 57 57<\/a><\/span><\/strong><\/p>\n<p><strong>\u00a0 Varj\u00fa Andr\u00e1s,<\/strong> site manager:<strong><span style=\"color: #e7af4e;\">+<a style=\"color: #e7af4e;\" href=\"tel:+36302793958\">36 30 279 39 58\u00a0<\/a><\/span><\/strong><\/p>\n<p><strong>\u00a0 E-mail:<\/strong>\u00a0<strong><span style=\"color: #e7af4e;\"><a href=\"https:\/\/hajdankert.hu\/en\/ajanlatkeres\/\">hajdankert6@gmail.com<\/a> <\/span><\/strong><\/p>\n<h1>\u00a0<\/h1>\n\t\t<\/div>\n\t\t\t\t\t<\/div>\n\n\t\n\n\t<div id=\"col-1512776582\" class=\"col medium-6 small-12 large-6\"  >\n\t\t\t\t<div class=\"col-inner\"  >\n\t\t\t\n\t\t\t\n\n\t<script type=\"text\/javascript\">\n  jQuery( document ).ready(function() {\n    function initialize() {\n        var styles = {\n            'flatsome':  [{\n            \"featureType\": \"administrative\",\n            \"stylers\": [\n              { \"visibility\": \"on\" }\n            ]\n          },\n          {\n            \"featureType\": \"road\",\n            \"stylers\": [\n              { \"visibility\": \"on\" },\n              { \"hue\": \"\" }\n            ]\n          },\n          {\n            \"stylers\": [\n\t\t\t  { \"visibility\": \"on\" },\n\t\t\t  { \"hue\": \"\" },\n\t\t\t  { \"saturation\": -30 }\n            ]\n          }\n        ]};\n\n        var myLatlng = new google.maps.LatLng(46.629271, 20.27576);\n        var myOptions = {\n            zoom: 17,\n            center: myLatlng,\n            mapTypeId: google.maps.MapTypeId.ROADMAP,\n            disableDefaultUI: true,\n            mapTypeId: 'flatsome',\n            draggable: true,\n            zoomControl: true,\n            zoomControlOptions: {\n              position: google.maps.ControlPosition.TOP_LEFT\n            },\n      \t\t\t\/\/ panControl: true,\n            \/\/ panControlOptions: {\n            \/\/   position: google.maps.ControlPosition.TOP_LEFT\n            \/\/ },\n      \t\t\tmapTypeControl: true,\n            mapTypeControlOptions: {\n              position: google.maps.ControlPosition.TOP_LEFT\n            },\n      \t\t\t\/\/ scaleControl: true,\n            \/\/ scaleControlOptions: {\n            \/\/   position: google.maps.ControlPosition.TOP_LEFT\n            \/\/ },\n      \t\t\tstreetViewControl: true,\n            streetViewControlOptions: {\n              position: google.maps.ControlPosition.TOP_LEFT\n            },\n      \t\t\t\/\/ overviewMapControl: true,\n            \/\/ overviewMapControlOptions: {\n            \/\/   position: google.maps.ControlPosition.TOP_LEFT\n            \/\/ },\n            scrollwheel: false,\n            disableDoubleClickZoom: true\n        }\n        var map = new google.maps.Map(document.getElementById(\"map-2584849144-inner\"), myOptions);\n        var styledMapType = new google.maps.StyledMapType(styles['flatsome'], {name: 'flatsome'});\n        map.mapTypes.set('flatsome', styledMapType);\n\n        var marker = new google.maps.Marker({\n            position: myLatlng,\n            map: map,\n            title:\"\"\n        });\n    }\n\n    \/\/ Required to proceed\n    if (!(typeof google === 'object' && typeof google.maps === 'object')) {\n      return\n    }\n\n    initialize()\n    google.maps.event.addDomListener(window, 'resize', initialize);\n    });\n    <\/script>\n\n    <div class=\"google-map relative mb\" id=\"map-2584849144\">\n        <div class=\"map-height\" id=\"map-2584849144-inner\"><\/div>\n        <div id=\"map_overlay_top\"><\/div>\n        <div id=\"map_overlay_bottom\"><\/div>\n                  <div class=\"map_inner map-inner last-reset absolute x100 md-x95 lg-x95 y100 md-y95 lg-y95\">\n              \n<p>Szentes, V\u00e1s\u00e1rhelyi street 146, 6600<\/p>\n         <\/div>\n       \n       \n<style>\n#map-2584849144 .map-inner {\n  background-color: #fff;\n  max-width: 100%;\n}\n#map-2584849144 .map-height {\n  height: 400px;\n}\n@media (min-width:550px) {\n  #map-2584849144 .map-inner {\n    max-width: 40%;\n  }\n}\n@media (min-width:850px) {\n  #map-2584849144 .map-inner {\n    max-width: 30%;\n  }\n}\n<\/style>\n    <\/div>\n\n\t\n\t\t<\/div>\n\t\t\t\t\t<\/div>\n\n\t\n<\/div>\n<a href=\"https:\/\/hajdankert.hu\/en\/ajanlatkeres\/\" target=\"_self\" class=\"button primary\"  >\n    <span>MAKING OFFER<\/span>\n  <i class=\"icon-angle-right\" ><\/i><\/a>","protected":false},"excerpt":{"rendered":"","protected":false},"author":2,"featured_media":0,"parent":0,"menu_order":0,"comment_status":"closed","ping_status":"closed","template":"","meta":{"footnotes":""},"class_list":["post-370","page","type-page","status-publish","hentry"],"yoast_head":"<!-- This site is optimized with the Yoast SEO plugin v26.0 - https:\/\/yoast.com\/wordpress\/plugins\/seo\/ -->\n<title>Kapcsolat - Hajdankert<\/title>\n<meta name=\"robots\" content=\"index, follow, max-snippet:-1, max-image-preview:large, max-video-preview:-1\" \/>\n<link rel=\"canonical\" href=\"https:\/\/hajdankert.hu\/en\/kapcsolat\/\" \/>\n<meta property=\"og:locale\" content=\"en_GB\" \/>\n<meta property=\"og:type\" content=\"article\" \/>\n<meta property=\"og:title\" content=\"Kapcsolat - Hajdankert\" \/>\n<meta property=\"og:url\" content=\"https:\/\/hajdankert.hu\/en\/kapcsolat\/\" \/>\n<meta property=\"og:site_name\" content=\"Hajdankert\" \/>\n<meta property=\"article:modified_time\" content=\"2022-02-03T15:02:35+00:00\" \/>\n<meta name=\"twitter:card\" content=\"summary_large_image\" \/>\n<meta name=\"twitter:label1\" content=\"Estimated reading time\" \/>\n\t<meta name=\"twitter:data1\" content=\"1 minute\" \/>\n<script type=\"application\/ld+json\" class=\"yoast-schema-graph\">{\"@context\":\"https:\/\/schema.org\",\"@graph\":[{\"@type\":\"WebPage\",\"@id\":\"https:\/\/hajdankert.hu\/kapcsolat\/\",\"url\":\"https:\/\/hajdankert.hu\/kapcsolat\/\",\"name\":\"Kapcsolat - Hajdankert\",\"isPartOf\":{\"@id\":\"https:\/\/hajdankert.hu\/#website\"},\"datePublished\":\"2020-06-21T21:18:00+00:00\",\"dateModified\":\"2022-02-03T15:02:35+00:00\",\"breadcrumb\":{\"@id\":\"https:\/\/hajdankert.hu\/kapcsolat\/#breadcrumb\"},\"inLanguage\":\"en-GB\",\"potentialAction\":[{\"@type\":\"ReadAction\",\"target\":[\"https:\/\/hajdankert.hu\/kapcsolat\/\"]}]},{\"@type\":\"BreadcrumbList\",\"@id\":\"https:\/\/hajdankert.hu\/kapcsolat\/#breadcrumb\",\"itemListElement\":[{\"@type\":\"ListItem\",\"position\":1,\"name\":\"Home\",\"item\":\"https:\/\/hajdankert.hu\/\"},{\"@type\":\"ListItem\",\"position\":2,\"name\":\"Kapcsolat\"}]},{\"@type\":\"WebSite\",\"@id\":\"https:\/\/hajdankert.hu\/#website\",\"url\":\"https:\/\/hajdankert.hu\/\",\"name\":\"Hajdankert\",\"description\":\"Borosty\u00e1npanel | \u00c9l\u0151 \u00f6r\u00f6kz\u00f6ld fal azonnal, b\u00e1rhol\",\"publisher\":{\"@id\":\"https:\/\/hajdankert.hu\/#organization\"},\"potentialAction\":[{\"@type\":\"SearchAction\",\"target\":{\"@type\":\"EntryPoint\",\"urlTemplate\":\"https:\/\/hajdankert.hu\/?s={search_term_string}\"},\"query-input\":{\"@type\":\"PropertyValueSpecification\",\"valueRequired\":true,\"valueName\":\"search_term_string\"}}],\"inLanguage\":\"en-GB\"},{\"@type\":\"Organization\",\"@id\":\"https:\/\/hajdankert.hu\/#organization\",\"name\":\"Hajdankert\",\"url\":\"https:\/\/hajdankert.hu\/\",\"logo\":{\"@type\":\"ImageObject\",\"inLanguage\":\"en-GB\",\"@id\":\"https:\/\/hajdankert.hu\/#\/schema\/logo\/image\/\",\"url\":\"https:\/\/hajdankert.hu\/wp-content\/uploads\/2020\/06\/hajdankert_logo-page-001-scaled.jpg\",\"contentUrl\":\"https:\/\/hajdankert.hu\/wp-content\/uploads\/2020\/06\/hajdankert_logo-page-001-scaled.jpg\",\"width\":2560,\"height\":1946,\"caption\":\"Hajdankert\"},\"image\":{\"@id\":\"https:\/\/hajdankert.hu\/#\/schema\/logo\/image\/\"}}]}<\/script>\n<!-- \/ Yoast SEO plugin. -->","yoast_head_json":{"title":"Kapcsolat - Hajdankert","robots":{"index":"index","follow":"follow","max-snippet":"max-snippet:-1","max-image-preview":"max-image-preview:large","max-video-preview":"max-video-preview:-1"},"canonical":"https:\/\/hajdankert.hu\/en\/kapcsolat\/","og_locale":"en_GB","og_type":"article","og_title":"Kapcsolat - Hajdankert","og_url":"https:\/\/hajdankert.hu\/en\/kapcsolat\/","og_site_name":"Hajdankert","article_modified_time":"2022-02-03T15:02:35+00:00","twitter_card":"summary_large_image","twitter_misc":{"Estimated reading time":"1 minute"},"schema":{"@context":"https:\/\/schema.org","@graph":[{"@type":"WebPage","@id":"https:\/\/hajdankert.hu\/kapcsolat\/","url":"https:\/\/hajdankert.hu\/kapcsolat\/","name":"Kapcsolat - Hajdankert","isPartOf":{"@id":"https:\/\/hajdankert.hu\/#website"},"datePublished":"2020-06-21T21:18:00+00:00","dateModified":"2022-02-03T15:02:35+00:00","breadcrumb":{"@id":"https:\/\/hajdankert.hu\/kapcsolat\/#breadcrumb"},"inLanguage":"en-GB","potentialAction":[{"@type":"ReadAction","target":["https:\/\/hajdankert.hu\/kapcsolat\/"]}]},{"@type":"BreadcrumbList","@id":"https:\/\/hajdankert.hu\/kapcsolat\/#breadcrumb","itemListElement":[{"@type":"ListItem","position":1,"name":"Home","item":"https:\/\/hajdankert.hu\/"},{"@type":"ListItem","position":2,"name":"Kapcsolat"}]},{"@type":"WebSite","@id":"https:\/\/hajdankert.hu\/#website","url":"https:\/\/hajdankert.hu\/","name":"Hajdankert","description":"Borosty\u00e1npanel | \u00c9l\u0151 \u00f6r\u00f6kz\u00f6ld fal azonnal, b\u00e1rhol","publisher":{"@id":"https:\/\/hajdankert.hu\/#organization"},"potentialAction":[{"@type":"SearchAction","target":{"@type":"EntryPoint","urlTemplate":"https:\/\/hajdankert.hu\/?s={search_term_string}"},"query-input":{"@type":"PropertyValueSpecification","valueRequired":true,"valueName":"search_term_string"}}],"inLanguage":"en-GB"},{"@type":"Organization","@id":"https:\/\/hajdankert.hu\/#organization","name":"Hajdankert","url":"https:\/\/hajdankert.hu\/","logo":{"@type":"ImageObject","inLanguage":"en-GB","@id":"https:\/\/hajdankert.hu\/#\/schema\/logo\/image\/","url":"https:\/\/hajdankert.hu\/wp-content\/uploads\/2020\/06\/hajdankert_logo-page-001-scaled.jpg","contentUrl":"https:\/\/hajdankert.hu\/wp-content\/uploads\/2020\/06\/hajdankert_logo-page-001-scaled.jpg","width":2560,"height":1946,"caption":"Hajdankert"},"image":{"@id":"https:\/\/hajdankert.hu\/#\/schema\/logo\/image\/"}}]}},"_links":{"self":[{"href":"https:\/\/hajdankert.hu\/en\/wp-json\/wp\/v2\/pages\/370","targetHints":{"allow":["GET"]}}],"collection":[{"href":"https:\/\/hajdankert.hu\/en\/wp-json\/wp\/v2\/pages"}],"about":[{"href":"https:\/\/hajdankert.hu\/en\/wp-json\/wp\/v2\/types\/page"}],"author":[{"embeddable":true,"href":"https:\/\/hajdankert.hu\/en\/wp-json\/wp\/v2\/users\/2"}],"replies":[{"embeddable":true,"href":"https:\/\/hajdankert.hu\/en\/wp-json\/wp\/v2\/comments?post=370"}],"version-history":[{"count":37,"href":"https:\/\/hajdankert.hu\/en\/wp-json\/wp\/v2\/pages\/370\/revisions"}],"predecessor-version":[{"id":1045,"href":"https:\/\/hajdankert.hu\/en\/wp-json\/wp\/v2\/pages\/370\/revisions\/1045"}],"wp:attachment":[{"href":"https:\/\/hajdankert.hu\/en\/wp-json\/wp\/v2\/media?parent=370"}],"curies":[{"name":"wp","href":"https:\/\/api.w.org\/{rel}","templated":true}]}}