{"id":487,"date":"2020-07-16T18:50:33","date_gmt":"2020-07-16T16:50:33","guid":{"rendered":"https:\/\/hajdankert.hu\/?page_id=487"},"modified":"2020-08-05T21:01:27","modified_gmt":"2020-08-05T19:01:27","slug":"ajanlatkeres","status":"publish","type":"page","link":"https:\/\/hajdankert.hu\/en\/ajanlatkeres\/","title":{"rendered":"MAKING OFFERS"},"content":{"rendered":"<div class=\"row\"  id=\"row-1091320314\">\n\n\t<div id=\"col-2146274618\" class=\"col medium-6 small-12 large-6\"  >\n\t\t\t\t<div class=\"col-inner\"  >\n\t\t\t\n\t\t\t\n<h1>\u00cdRJON NEK\u00dcNK!<\/h1>\n\n<div class=\"wpcf7 no-js\" id=\"wpcf7-f15-o1\" lang=\"en-US\" dir=\"ltr\" data-wpcf7-id=\"15\">\n<div class=\"screen-reader-response\"><p role=\"status\" aria-live=\"polite\" aria-atomic=\"true\"><\/p> <ul><\/ul><\/div>\n<form action=\"\/en\/wp-json\/wp\/v2\/pages\/487#wpcf7-f15-o1\" method=\"post\" class=\"wpcf7-form init\" aria-label=\"Contact form\" novalidate=\"novalidate\" data-status=\"init\" data-trp-original-action=\"\/en\/wp-json\/wp\/v2\/pages\/487#wpcf7-f15-o1\">\n<fieldset class=\"hidden-fields-container\"><input type=\"hidden\" name=\"_wpcf7\" value=\"15\" \/><input type=\"hidden\" name=\"_wpcf7_version\" value=\"6.1.2\" \/><input type=\"hidden\" name=\"_wpcf7_locale\" value=\"en_US\" \/><input type=\"hidden\" name=\"_wpcf7_unit_tag\" value=\"wpcf7-f15-o1\" \/><input type=\"hidden\" name=\"_wpcf7_container_post\" value=\"0\" \/><input type=\"hidden\" name=\"_wpcf7_posted_data_hash\" value=\"\" \/>\n<\/fieldset>\n<p><label>Name (obligatory)<\/label><br \/>\n<span class=\"wpcf7-form-control-wrap\" data-name=\"your-name\"><input size=\"40\" maxlength=\"400\" class=\"wpcf7-form-control wpcf7-text wpcf7-validates-as-required\" aria-required=\"true\" aria-invalid=\"false\" value=\"\" type=\"text\" name=\"your-name\" \/><\/span>\n<\/p>\n<p><label>E-mail (obligarory)<\/label><br \/>\n<span class=\"wpcf7-form-control-wrap\" data-name=\"your-email\"><input size=\"40\" maxlength=\"400\" class=\"wpcf7-form-control wpcf7-email wpcf7-validates-as-required wpcf7-text wpcf7-validates-as-email\" aria-required=\"true\" aria-invalid=\"false\" value=\"\" type=\"email\" name=\"your-email\" \/><\/span>\n<\/p>\n<p><label>Phone <\/label><br \/>\n<span class=\"wpcf7-form-control-wrap\" data-name=\"tel-597\"><input size=\"40\" maxlength=\"400\" class=\"wpcf7-form-control wpcf7-tel wpcf7-text wpcf7-validates-as-tel\" aria-invalid=\"false\" value=\"\" type=\"tel\" name=\"tel-597\" \/><\/span>\n<\/p>\n<p><label> Subject (obligatory) <\/label><br \/>\n<span class=\"wpcf7-form-control-wrap\" data-name=\"your-subject\"><input size=\"40\" maxlength=\"400\" class=\"wpcf7-form-control wpcf7-text wpcf7-validates-as-required\" aria-required=\"true\" aria-invalid=\"false\" value=\"\" type=\"text\" name=\"your-subject\" \/><\/span>\n<\/p>\n<p><label>Message (obligatory)<\/label><br \/>\n<span class=\"wpcf7-form-control-wrap\" data-name=\"your-message\"><textarea cols=\"40\" rows=\"10\" maxlength=\"2000\" class=\"wpcf7-form-control wpcf7-textarea wpcf7-validates-as-required\" aria-required=\"true\" aria-invalid=\"false\" name=\"your-message\"><\/textarea><\/span>\n<\/p>\n<p><span class=\"wpcf7-form-control-wrap\" data-name=\"acceptance-717\"><span class=\"wpcf7-form-control wpcf7-acceptance optional\"><span class=\"wpcf7-list-item\"><label><input type=\"checkbox\" name=\"acceptance-717\" value=\"1\" aria-invalid=\"false\" \/><span class=\"wpcf7-list-item-label\">I have read and accept the data management statement of hajdankert.\n<a href=\"https:\/\/hajdankert.hu\/en\/adatvedelem\/\">PRIVACY NOTICE<\/a><\/span><\/label><\/span><\/span><\/span>\n<\/p>\n<p><input class=\"wpcf7-form-control wpcf7-submit has-spinner button\" type=\"submit\" value=\"Send\" \/>\n<\/p><p style=\"display: none !important;\" class=\"akismet-fields-container\" data-prefix=\"_wpcf7_ak_\"><label>&#916;<textarea name=\"_wpcf7_ak_hp_textarea\" cols=\"45\" rows=\"8\" maxlength=\"100\"><\/textarea><\/label><input type=\"hidden\" id=\"ak_js_1\" name=\"_wpcf7_ak_js\" value=\"33\"\/><script>document.getElementById( \"ak_js_1\" ).setAttribute( \"value\", ( new Date() ).getTime() );<\/script><\/p><div class=\"wpcf7-response-output\" aria-hidden=\"true\"><\/div>\n<input type=\"hidden\" name=\"trp-form-language\" value=\"en\"\/><\/form>\n<\/div>\n\n\t\t<\/div>\n\t\t\t\t\t<\/div>\n\n\t\n\n\t<div id=\"col-1814009423\" class=\"col medium-6 small-12 large-6\"  >\n\t\t\t\t<div class=\"col-inner\"  >\n\t\t\t\n\t\t\t\n\t<div class=\"img has-hover x md-x lg-x y md-y lg-y\" id=\"image_829123380\">\n\t\t<a class=\"image-lightbox lightbox-gallery\" title=\"\" href=\"https:\/\/hajdankert.hu\/wp-content\/uploads\/2020\/07\/IMG-aacd31843bfbc16e4a0df0774540e5ee-V-600x800.jpg\">\t\t\t\t\t\t<div class=\"img-inner box-shadow-4 box-shadow-3-hover dark\" style=\"margin:10px0 0px 30px 0px;\">\n\t\t\t<img loading=\"lazy\" decoding=\"async\" width=\"1200\" height=\"1600\" src=\"https:\/\/hajdankert.hu\/wp-content\/uploads\/2020\/07\/IMG-aacd31843bfbc16e4a0df0774540e5ee-V.jpg\" class=\"attachment-original size-original\" alt=\"borosty\u00e1npanel\" srcset=\"https:\/\/hajdankert.hu\/wp-content\/uploads\/2020\/07\/IMG-aacd31843bfbc16e4a0df0774540e5ee-V.jpg 1200w, https:\/\/hajdankert.hu\/wp-content\/uploads\/2020\/07\/IMG-aacd31843bfbc16e4a0df0774540e5ee-V-300x400.jpg 300w, https:\/\/hajdankert.hu\/wp-content\/uploads\/2020\/07\/IMG-aacd31843bfbc16e4a0df0774540e5ee-V-600x800.jpg 600w, https:\/\/hajdankert.hu\/wp-content\/uploads\/2020\/07\/IMG-aacd31843bfbc16e4a0df0774540e5ee-V-768x1024.jpg 768w, https:\/\/hajdankert.hu\/wp-content\/uploads\/2020\/07\/IMG-aacd31843bfbc16e4a0df0774540e5ee-V-1152x1536.jpg 1152w\" sizes=\"auto, (max-width: 1200px) 100vw, 1200px\" \/>\t\t\t\t\t\t\n\t\t\t\t\t<\/div>\n\t\t\t\t\t\t<\/a>\t\t\n<style>\n#image_829123380 {\n  width: 100%;\n}\n<\/style>\n\t<\/div>\n\t\n\t\t<\/div>\n\t\t\t\t\t<\/div>\n\n\t\n<\/div>","protected":false},"excerpt":{"rendered":"","protected":false},"author":2,"featured_media":0,"parent":0,"menu_order":0,"comment_status":"closed","ping_status":"closed","template":"","meta":{"footnotes":""},"class_list":["post-487","page","type-page","status-publish","hentry"],"yoast_head":"<!-- This site is optimized with the Yoast SEO plugin v26.0 - https:\/\/yoast.com\/wordpress\/plugins\/seo\/ -->\n<title>Aj\u00e1nlatk\u00e9r\u00e9s - Hajdankert<\/title>\n<meta name=\"robots\" content=\"index, follow, max-snippet:-1, max-image-preview:large, max-video-preview:-1\" \/>\n<link rel=\"canonical\" href=\"https:\/\/hajdankert.hu\/en\/ajanlatkeres\/\" \/>\n<meta property=\"og:locale\" content=\"en_GB\" \/>\n<meta property=\"og:type\" content=\"article\" \/>\n<meta property=\"og:title\" content=\"Aj\u00e1nlatk\u00e9r\u00e9s - Hajdankert\" \/>\n<meta property=\"og:url\" content=\"https:\/\/hajdankert.hu\/en\/ajanlatkeres\/\" \/>\n<meta property=\"og:site_name\" content=\"Hajdankert\" \/>\n<meta property=\"article:modified_time\" content=\"2020-08-05T19:01:27+00:00\" \/>\n<meta name=\"twitter:card\" content=\"summary_large_image\" \/>\n<script type=\"application\/ld+json\" class=\"yoast-schema-graph\">{\"@context\":\"https:\/\/schema.org\",\"@graph\":[{\"@type\":\"WebPage\",\"@id\":\"https:\/\/hajdankert.hu\/ajanlatkeres\/\",\"url\":\"https:\/\/hajdankert.hu\/ajanlatkeres\/\",\"name\":\"Aj\u00e1nlatk\u00e9r\u00e9s - Hajdankert\",\"isPartOf\":{\"@id\":\"https:\/\/hajdankert.hu\/#website\"},\"datePublished\":\"2020-07-16T16:50:33+00:00\",\"dateModified\":\"2020-08-05T19:01:27+00:00\",\"breadcrumb\":{\"@id\":\"https:\/\/hajdankert.hu\/ajanlatkeres\/#breadcrumb\"},\"inLanguage\":\"en-GB\",\"potentialAction\":[{\"@type\":\"ReadAction\",\"target\":[\"https:\/\/hajdankert.hu\/ajanlatkeres\/\"]}]},{\"@type\":\"BreadcrumbList\",\"@id\":\"https:\/\/hajdankert.hu\/ajanlatkeres\/#breadcrumb\",\"itemListElement\":[{\"@type\":\"ListItem\",\"position\":1,\"name\":\"Home\",\"item\":\"https:\/\/hajdankert.hu\/\"},{\"@type\":\"ListItem\",\"position\":2,\"name\":\"Aj\u00e1nlatk\u00e9r\u00e9s\"}]},{\"@type\":\"WebSite\",\"@id\":\"https:\/\/hajdankert.hu\/#website\",\"url\":\"https:\/\/hajdankert.hu\/\",\"name\":\"Hajdankert\",\"description\":\"Borosty\u00e1npanel | \u00c9l\u0151 \u00f6r\u00f6kz\u00f6ld fal azonnal, b\u00e1rhol\",\"publisher\":{\"@id\":\"https:\/\/hajdankert.hu\/#organization\"},\"potentialAction\":[{\"@type\":\"SearchAction\",\"target\":{\"@type\":\"EntryPoint\",\"urlTemplate\":\"https:\/\/hajdankert.hu\/?s={search_term_string}\"},\"query-input\":{\"@type\":\"PropertyValueSpecification\",\"valueRequired\":true,\"valueName\":\"search_term_string\"}}],\"inLanguage\":\"en-GB\"},{\"@type\":\"Organization\",\"@id\":\"https:\/\/hajdankert.hu\/#organization\",\"name\":\"Hajdankert\",\"url\":\"https:\/\/hajdankert.hu\/\",\"logo\":{\"@type\":\"ImageObject\",\"inLanguage\":\"en-GB\",\"@id\":\"https:\/\/hajdankert.hu\/#\/schema\/logo\/image\/\",\"url\":\"https:\/\/hajdankert.hu\/wp-content\/uploads\/2020\/06\/hajdankert_logo-page-001-scaled.jpg\",\"contentUrl\":\"https:\/\/hajdankert.hu\/wp-content\/uploads\/2020\/06\/hajdankert_logo-page-001-scaled.jpg\",\"width\":2560,\"height\":1946,\"caption\":\"Hajdankert\"},\"image\":{\"@id\":\"https:\/\/hajdankert.hu\/#\/schema\/logo\/image\/\"}}]}<\/script>\n<!-- \/ Yoast SEO plugin. -->","yoast_head_json":{"title":"Aj\u00e1nlatk\u00e9r\u00e9s - Hajdankert","robots":{"index":"index","follow":"follow","max-snippet":"max-snippet:-1","max-image-preview":"max-image-preview:large","max-video-preview":"max-video-preview:-1"},"canonical":"https:\/\/hajdankert.hu\/en\/ajanlatkeres\/","og_locale":"en_GB","og_type":"article","og_title":"Aj\u00e1nlatk\u00e9r\u00e9s - Hajdankert","og_url":"https:\/\/hajdankert.hu\/en\/ajanlatkeres\/","og_site_name":"Hajdankert","article_modified_time":"2020-08-05T19:01:27+00:00","twitter_card":"summary_large_image","schema":{"@context":"https:\/\/schema.org","@graph":[{"@type":"WebPage","@id":"https:\/\/hajdankert.hu\/ajanlatkeres\/","url":"https:\/\/hajdankert.hu\/ajanlatkeres\/","name":"Aj\u00e1nlatk\u00e9r\u00e9s - Hajdankert","isPartOf":{"@id":"https:\/\/hajdankert.hu\/#website"},"datePublished":"2020-07-16T16:50:33+00:00","dateModified":"2020-08-05T19:01:27+00:00","breadcrumb":{"@id":"https:\/\/hajdankert.hu\/ajanlatkeres\/#breadcrumb"},"inLanguage":"en-GB","potentialAction":[{"@type":"ReadAction","target":["https:\/\/hajdankert.hu\/ajanlatkeres\/"]}]},{"@type":"BreadcrumbList","@id":"https:\/\/hajdankert.hu\/ajanlatkeres\/#breadcrumb","itemListElement":[{"@type":"ListItem","position":1,"name":"Home","item":"https:\/\/hajdankert.hu\/"},{"@type":"ListItem","position":2,"name":"Aj\u00e1nlatk\u00e9r\u00e9s"}]},{"@type":"WebSite","@id":"https:\/\/hajdankert.hu\/#website","url":"https:\/\/hajdankert.hu\/","name":"Hajdankert","description":"Borosty\u00e1npanel | \u00c9l\u0151 \u00f6r\u00f6kz\u00f6ld fal azonnal, b\u00e1rhol","publisher":{"@id":"https:\/\/hajdankert.hu\/#organization"},"potentialAction":[{"@type":"SearchAction","target":{"@type":"EntryPoint","urlTemplate":"https:\/\/hajdankert.hu\/?s={search_term_string}"},"query-input":{"@type":"PropertyValueSpecification","valueRequired":true,"valueName":"search_term_string"}}],"inLanguage":"en-GB"},{"@type":"Organization","@id":"https:\/\/hajdankert.hu\/#organization","name":"Hajdankert","url":"https:\/\/hajdankert.hu\/","logo":{"@type":"ImageObject","inLanguage":"en-GB","@id":"https:\/\/hajdankert.hu\/#\/schema\/logo\/image\/","url":"https:\/\/hajdankert.hu\/wp-content\/uploads\/2020\/06\/hajdankert_logo-page-001-scaled.jpg","contentUrl":"https:\/\/hajdankert.hu\/wp-content\/uploads\/2020\/06\/hajdankert_logo-page-001-scaled.jpg","width":2560,"height":1946,"caption":"Hajdankert"},"image":{"@id":"https:\/\/hajdankert.hu\/#\/schema\/logo\/image\/"}}]}},"_links":{"self":[{"href":"https:\/\/hajdankert.hu\/en\/wp-json\/wp\/v2\/pages\/487","targetHints":{"allow":["GET"]}}],"collection":[{"href":"https:\/\/hajdankert.hu\/en\/wp-json\/wp\/v2\/pages"}],"about":[{"href":"https:\/\/hajdankert.hu\/en\/wp-json\/wp\/v2\/types\/page"}],"author":[{"embeddable":true,"href":"https:\/\/hajdankert.hu\/en\/wp-json\/wp\/v2\/users\/2"}],"replies":[{"embeddable":true,"href":"https:\/\/hajdankert.hu\/en\/wp-json\/wp\/v2\/comments?post=487"}],"version-history":[{"count":5,"href":"https:\/\/hajdankert.hu\/en\/wp-json\/wp\/v2\/pages\/487\/revisions"}],"predecessor-version":[{"id":552,"href":"https:\/\/hajdankert.hu\/en\/wp-json\/wp\/v2\/pages\/487\/revisions\/552"}],"wp:attachment":[{"href":"https:\/\/hajdankert.hu\/en\/wp-json\/wp\/v2\/media?parent=487"}],"curies":[{"name":"wp","href":"https:\/\/api.w.org\/{rel}","templated":true}]}}