{"id":612,"date":"2020-08-05T13:29:52","date_gmt":"2020-08-05T11:29:52","guid":{"rendered":"https:\/\/hajdankert.hu\/?page_id=612"},"modified":"2020-08-14T10:24:34","modified_gmt":"2020-08-14T08:24:34","slug":"impresszum","status":"publish","type":"page","link":"https:\/\/hajdankert.hu\/en\/impresszum\/","title":{"rendered":"Impresszum"},"content":{"rendered":"<h1 style=\"text-align: center;\"><span style=\"color: #333333;\"><strong>Impresszum<\/strong><\/span><\/h1>\n<p><span style=\"color: #333333;\"><strong>Service provider: Hajdankert kft.<\/strong><\/span><\/p>\n<p><span style=\"color: #333333;\"><strong>Headquarters: 6600 Szentes Kurca sor 4.<\/strong> <strong>4.<\/strong><\/span><\/p>\n<p><span style=\"color: #333333;\"><strong>Company registration number: 06-09-009296<\/strong><\/span><\/p>\n<p><span style=\"color: #333333;\"><strong>Tax number: 13297978-2-06<\/strong><\/span><\/p>\n<p><span style=\"color: #333333;\"><strong>K\u00f6z\u00f6ss\u00e9gi ad\u00f3sz\u00e1m:<\/strong><\/span><\/p>\n<p><span style=\"color: #333333;\"><strong>Phone:+36302245757<\/strong><\/span><\/p>\n<p><span style=\"color: #333333;\"><strong>Website:<\/strong> <strong><a style=\"color: #333333;\" title=\"http:\/\/www.hajdankert.hu\" href=\"https:\/\/hajdankert.hu\/en\/\" target=\"_blank\" rel=\"noopener noreferrer\">www.hajdankert.hu\/<\/a><\/strong><\/span><\/p>\n<p><span style=\"color: #333333;\"><strong>E-mail: <a style=\"color: #333333;\" title=\"mailto:hajdankert@hajdankert.hu\" href=\"mailto:hajdankert@hajdankert.hu\" target=\"_blank\" rel=\"noreferrer noopener\">hajdankert@hajdankert.hu<\/a><\/strong><\/span><\/p>\n<p><span style=\"color: #333333;\"><strong>Hosting provider: hostit.hu\u00a0<\/strong><\/span><\/p>","protected":false},"excerpt":{"rendered":"<p>Impresszum Szolg\u00e1ltat\u00f3: Hajdankert kft. Sz\u00e9khely: 6600 Szentes Kurca sor 4. C\u00e9gjegyz\u00e9k sz\u00e1m: 06-09-009296 Ad\u00f3sz\u00e1m: 13297978-2-06 K\u00f6z\u00f6ss\u00e9gi ad\u00f3sz\u00e1m: Telefon: +36302245757 Weboldal: www.hajdankert.hu E-mail c\u00edm: hajdankert@hajdankert.hu T\u00e1rhelyszolg\u00e1ltat\u00f3: hostit.hu\u00a0<\/p>","protected":false},"author":2,"featured_media":0,"parent":0,"menu_order":0,"comment_status":"closed","ping_status":"closed","template":"","meta":{"footnotes":""},"class_list":["post-612","page","type-page","status-publish","hentry"],"yoast_head":"<!-- This site is optimized with the Yoast SEO plugin v26.0 - https:\/\/yoast.com\/wordpress\/plugins\/seo\/ -->\n<title>Impresszum - Hajdankert<\/title>\n<meta name=\"robots\" content=\"index, follow, max-snippet:-1, max-image-preview:large, max-video-preview:-1\" \/>\n<link rel=\"canonical\" href=\"https:\/\/hajdankert.hu\/en\/impresszum\/\" \/>\n<meta property=\"og:locale\" content=\"en_GB\" \/>\n<meta property=\"og:type\" content=\"article\" \/>\n<meta property=\"og:title\" content=\"Impresszum - Hajdankert\" \/>\n<meta property=\"og:description\" content=\"Impresszum Szolg\u00e1ltat\u00f3: Hajdankert kft. Sz\u00e9khely: 6600 Szentes Kurca sor 4. C\u00e9gjegyz\u00e9k sz\u00e1m: 06-09-009296 Ad\u00f3sz\u00e1m: 13297978-2-06 K\u00f6z\u00f6ss\u00e9gi ad\u00f3sz\u00e1m: Telefon: +36302245757 Weboldal: www.hajdankert.hu E-mail c\u00edm: hajdankert@hajdankert.hu T\u00e1rhelyszolg\u00e1ltat\u00f3: hostit.hu\u00a0\" \/>\n<meta property=\"og:url\" content=\"https:\/\/hajdankert.hu\/en\/impresszum\/\" \/>\n<meta property=\"og:site_name\" content=\"Hajdankert\" \/>\n<meta property=\"article:modified_time\" content=\"2020-08-14T08:24:34+00:00\" \/>\n<meta name=\"twitter:card\" content=\"summary_large_image\" \/>\n<script type=\"application\/ld+json\" class=\"yoast-schema-graph\">{\"@context\":\"https:\/\/schema.org\",\"@graph\":[{\"@type\":\"WebPage\",\"@id\":\"https:\/\/hajdankert.hu\/en\/impresszum\/\",\"url\":\"https:\/\/hajdankert.hu\/en\/impresszum\/\",\"name\":\"Impresszum - Hajdankert\",\"isPartOf\":{\"@id\":\"https:\/\/hajdankert.hu\/#website\"},\"datePublished\":\"2020-08-05T11:29:52+00:00\",\"dateModified\":\"2020-08-14T08:24:34+00:00\",\"breadcrumb\":{\"@id\":\"https:\/\/hajdankert.hu\/en\/impresszum\/#breadcrumb\"},\"inLanguage\":\"en-GB\",\"potentialAction\":[{\"@type\":\"ReadAction\",\"target\":[\"https:\/\/hajdankert.hu\/en\/impresszum\/\"]}]},{\"@type\":\"BreadcrumbList\",\"@id\":\"https:\/\/hajdankert.hu\/en\/impresszum\/#breadcrumb\",\"itemListElement\":[{\"@type\":\"ListItem\",\"position\":1,\"name\":\"Home\",\"item\":\"https:\/\/hajdankert.hu\/\"},{\"@type\":\"ListItem\",\"position\":2,\"name\":\"Impresszum\"}]},{\"@type\":\"WebSite\",\"@id\":\"https:\/\/hajdankert.hu\/#website\",\"url\":\"https:\/\/hajdankert.hu\/\",\"name\":\"Hajdankert\",\"description\":\"Borosty\u00e1npanel | \u00c9l\u0151 \u00f6r\u00f6kz\u00f6ld fal azonnal, b\u00e1rhol\",\"publisher\":{\"@id\":\"https:\/\/hajdankert.hu\/#organization\"},\"potentialAction\":[{\"@type\":\"SearchAction\",\"target\":{\"@type\":\"EntryPoint\",\"urlTemplate\":\"https:\/\/hajdankert.hu\/?s={search_term_string}\"},\"query-input\":{\"@type\":\"PropertyValueSpecification\",\"valueRequired\":true,\"valueName\":\"search_term_string\"}}],\"inLanguage\":\"en-GB\"},{\"@type\":\"Organization\",\"@id\":\"https:\/\/hajdankert.hu\/#organization\",\"name\":\"Hajdankert\",\"url\":\"https:\/\/hajdankert.hu\/\",\"logo\":{\"@type\":\"ImageObject\",\"inLanguage\":\"en-GB\",\"@id\":\"https:\/\/hajdankert.hu\/#\/schema\/logo\/image\/\",\"url\":\"https:\/\/hajdankert.hu\/wp-content\/uploads\/2020\/06\/hajdankert_logo-page-001-scaled.jpg\",\"contentUrl\":\"https:\/\/hajdankert.hu\/wp-content\/uploads\/2020\/06\/hajdankert_logo-page-001-scaled.jpg\",\"width\":2560,\"height\":1946,\"caption\":\"Hajdankert\"},\"image\":{\"@id\":\"https:\/\/hajdankert.hu\/#\/schema\/logo\/image\/\"}}]}<\/script>\n<!-- \/ Yoast SEO plugin. -->","yoast_head_json":{"title":"Impresszum - Hajdankert","robots":{"index":"index","follow":"follow","max-snippet":"max-snippet:-1","max-image-preview":"max-image-preview:large","max-video-preview":"max-video-preview:-1"},"canonical":"https:\/\/hajdankert.hu\/en\/impresszum\/","og_locale":"en_GB","og_type":"article","og_title":"Impresszum - Hajdankert","og_description":"Impresszum Szolg\u00e1ltat\u00f3: Hajdankert kft. Sz\u00e9khely: 6600 Szentes Kurca sor 4. C\u00e9gjegyz\u00e9k sz\u00e1m: 06-09-009296 Ad\u00f3sz\u00e1m: 13297978-2-06 K\u00f6z\u00f6ss\u00e9gi ad\u00f3sz\u00e1m: Telefon: +36302245757 Weboldal: www.hajdankert.hu E-mail c\u00edm: hajdankert@hajdankert.hu T\u00e1rhelyszolg\u00e1ltat\u00f3: hostit.hu\u00a0","og_url":"https:\/\/hajdankert.hu\/en\/impresszum\/","og_site_name":"Hajdankert","article_modified_time":"2020-08-14T08:24:34+00:00","twitter_card":"summary_large_image","schema":{"@context":"https:\/\/schema.org","@graph":[{"@type":"WebPage","@id":"https:\/\/hajdankert.hu\/en\/impresszum\/","url":"https:\/\/hajdankert.hu\/en\/impresszum\/","name":"Impresszum - Hajdankert","isPartOf":{"@id":"https:\/\/hajdankert.hu\/#website"},"datePublished":"2020-08-05T11:29:52+00:00","dateModified":"2020-08-14T08:24:34+00:00","breadcrumb":{"@id":"https:\/\/hajdankert.hu\/en\/impresszum\/#breadcrumb"},"inLanguage":"en-GB","potentialAction":[{"@type":"ReadAction","target":["https:\/\/hajdankert.hu\/en\/impresszum\/"]}]},{"@type":"BreadcrumbList","@id":"https:\/\/hajdankert.hu\/en\/impresszum\/#breadcrumb","itemListElement":[{"@type":"ListItem","position":1,"name":"Home","item":"https:\/\/hajdankert.hu\/"},{"@type":"ListItem","position":2,"name":"Impresszum"}]},{"@type":"WebSite","@id":"https:\/\/hajdankert.hu\/#website","url":"https:\/\/hajdankert.hu\/","name":"Hajdankert","description":"Borosty\u00e1npanel | \u00c9l\u0151 \u00f6r\u00f6kz\u00f6ld fal azonnal, b\u00e1rhol","publisher":{"@id":"https:\/\/hajdankert.hu\/#organization"},"potentialAction":[{"@type":"SearchAction","target":{"@type":"EntryPoint","urlTemplate":"https:\/\/hajdankert.hu\/?s={search_term_string}"},"query-input":{"@type":"PropertyValueSpecification","valueRequired":true,"valueName":"search_term_string"}}],"inLanguage":"en-GB"},{"@type":"Organization","@id":"https:\/\/hajdankert.hu\/#organization","name":"Hajdankert","url":"https:\/\/hajdankert.hu\/","logo":{"@type":"ImageObject","inLanguage":"en-GB","@id":"https:\/\/hajdankert.hu\/#\/schema\/logo\/image\/","url":"https:\/\/hajdankert.hu\/wp-content\/uploads\/2020\/06\/hajdankert_logo-page-001-scaled.jpg","contentUrl":"https:\/\/hajdankert.hu\/wp-content\/uploads\/2020\/06\/hajdankert_logo-page-001-scaled.jpg","width":2560,"height":1946,"caption":"Hajdankert"},"image":{"@id":"https:\/\/hajdankert.hu\/#\/schema\/logo\/image\/"}}]}},"_links":{"self":[{"href":"https:\/\/hajdankert.hu\/en\/wp-json\/wp\/v2\/pages\/612","targetHints":{"allow":["GET"]}}],"collection":[{"href":"https:\/\/hajdankert.hu\/en\/wp-json\/wp\/v2\/pages"}],"about":[{"href":"https:\/\/hajdankert.hu\/en\/wp-json\/wp\/v2\/types\/page"}],"author":[{"embeddable":true,"href":"https:\/\/hajdankert.hu\/en\/wp-json\/wp\/v2\/users\/2"}],"replies":[{"embeddable":true,"href":"https:\/\/hajdankert.hu\/en\/wp-json\/wp\/v2\/comments?post=612"}],"version-history":[{"count":5,"href":"https:\/\/hajdankert.hu\/en\/wp-json\/wp\/v2\/pages\/612\/revisions"}],"predecessor-version":[{"id":763,"href":"https:\/\/hajdankert.hu\/en\/wp-json\/wp\/v2\/pages\/612\/revisions\/763"}],"wp:attachment":[{"href":"https:\/\/hajdankert.hu\/en\/wp-json\/wp\/v2\/media?parent=612"}],"curies":[{"name":"wp","href":"https:\/\/api.w.org\/{rel}","templated":true}]}}