{"id":644,"date":"2020-08-05T18:50:37","date_gmt":"2020-08-05T16:50:37","guid":{"rendered":"https:\/\/hajdankert.hu\/?page_id=644"},"modified":"2025-02-11T10:35:37","modified_gmt":"2025-02-11T08:35:37","slug":"ar-akcio","status":"publish","type":"page","link":"https:\/\/hajdankert.hu\/en\/ar-akcio\/","title":{"rendered":"\u00c1raink (AKCI\u00d3!)"},"content":{"rendered":"<div class=\"row\"  id=\"row-535193844\">\n\n\t<div id=\"col-462965496\" class=\"col medium-6 small-12 large-6\"  >\n\t\t\t\t<div class=\"col-inner\"  >\n\t\t\t\n\t\t\t\n<h1>Standard size panel description:<\/h1>\n<div dir=\"auto\">\u00a0<\/div>\n<div dir=\"auto\">\u00a0<\/div>\n<div dir=\"auto\">\u00a0<\/div>\n<div dir=\"auto\">\u00a0<\/div>\n<div dir=\"auto\">Sizes<\/div>\n<div dir=\"auto\">\u00a0<\/div>\n<div dir=\"auto\">height: 185 cm<\/div>\n<div dir=\"auto\">width:120 cm<\/div>\n<div dir=\"auto\">thickness: 15cm<\/div>\n<p><!--more--><\/p>\n<div dir=\"auto\">\n<div>\u00a0<\/div>\n<div>Woerner borosty\u00e1n panel \u00e1ra(brutt\u00f3): \u00a054 000 Ft\/db .<\/div>\n<div>White Ripple borosty\u00e1n panel \u00e1ra(brutt\u00f3):\u00a0 \u00a0 \u00a064 000 Ft\/db<\/div>\n<\/div>\n<div dir=\"auto\">\u00a0<\/div>\n<div dir=\"auto\">\u00a0<\/div>\n<div dir=\"auto\">\n<div><span style=\"font-size: 130%;\"><b>AKCI\u00d3! <\/b><\/span><\/div>\n<div><span style=\"font-size: 130%;\"><b>(mennyis\u00e9gf\u00fcgg\u0151 egyedi kedvezm\u00e9ny)<\/b><\/span><\/div>\n<div><span style=\"font-size: 130%;\"><b>Akci\u00f3 a k\u00e9szlet erej\u00e9ig!<\/b><\/span><\/div>\n<div>\u00a0<\/div>\n<div>Woerner- \u00e9s White Ripple borosty\u00e1n panelek a termeszt\u0151t\u0151l.<\/div>\n<div>K\u00f6zvetlen\u00fcl talajba vagy ed\u00e9nybe, kiv\u00e1l\u00f3 t\u00e9relv\u00e1laszt\u00f3, ker\u00edt\u00e9s vagy dekor\u00e1ci\u00f3.<\/div>\n<div>\u00d6r\u00f6kz\u00f6ld, por \u00e9s zajv\u00e9delem. Hazai alapanyagokb\u00f3l!<\/div>\n<div>Sz\u00e1ll\u00edt\u00e1s, telep\u00edt\u00e9s 3 napon bel\u00fcl! Ingyenes tan\u00e1csad\u00e1s.<\/div>\n<\/div>\n<div dir=\"auto\">\u00a0<\/div>\n<div dir=\"auto\">\u00a0<\/div>\n<div dir=\"auto\">\u00a0<\/div>\n<div dir=\"auto\">\u00a0<\/div>\n<div dir=\"auto\">\u00a0<\/div>\n<div dir=\"auto\">\u00a0<\/div>\n<div dir=\"auto\">\u00a0<\/div>\n<div dir=\"auto\">\u00a0<\/div>\n<a href=\"https:\/\/hajdankert.hu\/en\/kapcsolat\/\" target=\"_self\" class=\"button primary\"  >\n    <span>CONTACT US!<\/span>\n  <\/a>\n\n\t\t<\/div>\n\t\t\t\t\t<\/div>\n\n\t\n\n\t<div id=\"col-987496934\" class=\"col medium-6 small-12 large-6\"  >\n\t\t\t\t<div class=\"col-inner\"  >\n\t\t\t\n\t\t\t\n\t<div class=\"img has-hover x md-x lg-x y md-y lg-y\" id=\"image_780358036\">\n\t\t\t\t\t\t\t\t<div class=\"img-inner dark\" >\n\t\t\t<img loading=\"lazy\" decoding=\"async\" width=\"225\" height=\"400\" src=\"https:\/\/hajdankert.hu\/wp-content\/uploads\/2020\/07\/3-225x400.jpg\" class=\"attachment-medium size-medium\" alt=\"borosty\u00e1npanel_akci\u00f3\" srcset=\"https:\/\/hajdankert.hu\/wp-content\/uploads\/2020\/07\/3-225x400.jpg 225w, https:\/\/hajdankert.hu\/wp-content\/uploads\/2020\/07\/3-450x800.jpg 450w, https:\/\/hajdankert.hu\/wp-content\/uploads\/2020\/07\/3.jpg 600w\" sizes=\"auto, (max-width: 225px) 100vw, 225px\" \/>\t\t\t\t\t\t\n\t\t\t\t\t<\/div>\n\t\t\t\t\t\t\t\t\n<style>\n#image_780358036 {\n  width: 75%;\n}\n<\/style>\n\t<\/div>\n\t\n\t\t<\/div>\n\t\t\t\t\t<\/div>\n\n\t\n<\/div>\n<div class=\"container section-title-container\" ><h3 class=\"section-title section-title-center\"><b><\/b><span class=\"section-title-main\" >Adventi akci\u00f3:<\/span><b><\/b><\/h3><\/div>\n<div id=\"timer-945312610\" class=\"ux-timer light\" data-text-plural=\"s\" data-text-hour=\"\u00f3ra\" data-text-day=\"nap\" data-text-week=\"h\u00e9t\" data-text-min=\"perc\" data-text-sec=\"sec\" data-text-hour-p=\"\u00f3ra\" data-text-day-p=\"nap\" data-text-week-p=\"h\u00e9t\" data-text-min-p=\"perc\" data-text-sec-p=\"m\u00e1sodperc\" data-countdown=\"2023\/12\/17 16:00\"><span>&nbsp;<div class=\"loading-spin dark centered\"><\/div><strong>&nbsp;<\/strong><\/span><\/div>\n<style>\n#timer-945312610 {\n  font-size: 233%;\n}\n<\/style>","protected":false},"excerpt":{"rendered":"<p>Standar m\u00e9ret\u0171 panel le\u00edr\u00e1sa: \u00a0 \u00a0 \u00a0 \u00a0 M\u00e9retei: \u00a0 magass\u00e1g: 185 cm sz\u00e9less\u00e9g:120 cm m\u00e9lys\u00e9g: 15 cm<\/p>","protected":false},"author":2,"featured_media":0,"parent":0,"menu_order":0,"comment_status":"closed","ping_status":"closed","template":"","meta":{"footnotes":""},"class_list":["post-644","page","type-page","status-publish","hentry"],"yoast_head":"<!-- This site is optimized with the Yoast SEO plugin v26.0 - https:\/\/yoast.com\/wordpress\/plugins\/seo\/ -->\n<title>\u00c1raink (AKCI\u00d3!) - Hajdankert<\/title>\n<meta name=\"robots\" content=\"index, follow, max-snippet:-1, max-image-preview:large, max-video-preview:-1\" \/>\n<link rel=\"canonical\" href=\"https:\/\/hajdankert.hu\/en\/ar-akcio\/\" \/>\n<meta property=\"og:locale\" content=\"en_GB\" \/>\n<meta property=\"og:type\" content=\"article\" \/>\n<meta property=\"og:title\" content=\"\u00c1raink (AKCI\u00d3!) - Hajdankert\" \/>\n<meta property=\"og:description\" content=\"Standar m\u00e9ret\u0171 panel le\u00edr\u00e1sa: \u00a0 \u00a0 \u00a0 \u00a0 M\u00e9retei: \u00a0 magass\u00e1g: 185 cm sz\u00e9less\u00e9g:120 cm m\u00e9lys\u00e9g: 15 cm\" \/>\n<meta property=\"og:url\" content=\"https:\/\/hajdankert.hu\/en\/ar-akcio\/\" \/>\n<meta property=\"og:site_name\" content=\"Hajdankert\" \/>\n<meta property=\"article:modified_time\" content=\"2025-02-11T08:35:37+00:00\" \/>\n<meta name=\"twitter:card\" content=\"summary_large_image\" \/>\n<meta name=\"twitter:label1\" content=\"Estimated reading time\" \/>\n\t<meta name=\"twitter:data1\" content=\"1 minute\" \/>\n<script type=\"application\/ld+json\" class=\"yoast-schema-graph\">{\"@context\":\"https:\/\/schema.org\",\"@graph\":[{\"@type\":\"WebPage\",\"@id\":\"https:\/\/hajdankert.hu\/ar-akcio\/\",\"url\":\"https:\/\/hajdankert.hu\/ar-akcio\/\",\"name\":\"\u00c1raink (AKCI\u00d3!) - Hajdankert\",\"isPartOf\":{\"@id\":\"https:\/\/hajdankert.hu\/#website\"},\"datePublished\":\"2020-08-05T16:50:37+00:00\",\"dateModified\":\"2025-02-11T08:35:37+00:00\",\"breadcrumb\":{\"@id\":\"https:\/\/hajdankert.hu\/ar-akcio\/#breadcrumb\"},\"inLanguage\":\"en-GB\",\"potentialAction\":[{\"@type\":\"ReadAction\",\"target\":[\"https:\/\/hajdankert.hu\/ar-akcio\/\"]}]},{\"@type\":\"BreadcrumbList\",\"@id\":\"https:\/\/hajdankert.hu\/ar-akcio\/#breadcrumb\",\"itemListElement\":[{\"@type\":\"ListItem\",\"position\":1,\"name\":\"Home\",\"item\":\"https:\/\/hajdankert.hu\/\"},{\"@type\":\"ListItem\",\"position\":2,\"name\":\"\u00c1raink (AKCI\u00d3!)\"}]},{\"@type\":\"WebSite\",\"@id\":\"https:\/\/hajdankert.hu\/#website\",\"url\":\"https:\/\/hajdankert.hu\/\",\"name\":\"Hajdankert\",\"description\":\"Borosty\u00e1npanel | \u00c9l\u0151 \u00f6r\u00f6kz\u00f6ld fal azonnal, b\u00e1rhol\",\"publisher\":{\"@id\":\"https:\/\/hajdankert.hu\/#organization\"},\"potentialAction\":[{\"@type\":\"SearchAction\",\"target\":{\"@type\":\"EntryPoint\",\"urlTemplate\":\"https:\/\/hajdankert.hu\/?s={search_term_string}\"},\"query-input\":{\"@type\":\"PropertyValueSpecification\",\"valueRequired\":true,\"valueName\":\"search_term_string\"}}],\"inLanguage\":\"en-GB\"},{\"@type\":\"Organization\",\"@id\":\"https:\/\/hajdankert.hu\/#organization\",\"name\":\"Hajdankert\",\"url\":\"https:\/\/hajdankert.hu\/\",\"logo\":{\"@type\":\"ImageObject\",\"inLanguage\":\"en-GB\",\"@id\":\"https:\/\/hajdankert.hu\/#\/schema\/logo\/image\/\",\"url\":\"https:\/\/hajdankert.hu\/wp-content\/uploads\/2020\/06\/hajdankert_logo-page-001-scaled.jpg\",\"contentUrl\":\"https:\/\/hajdankert.hu\/wp-content\/uploads\/2020\/06\/hajdankert_logo-page-001-scaled.jpg\",\"width\":2560,\"height\":1946,\"caption\":\"Hajdankert\"},\"image\":{\"@id\":\"https:\/\/hajdankert.hu\/#\/schema\/logo\/image\/\"}}]}<\/script>\n<!-- \/ Yoast SEO plugin. -->","yoast_head_json":{"title":"\u00c1raink (AKCI\u00d3!) - Hajdankert","robots":{"index":"index","follow":"follow","max-snippet":"max-snippet:-1","max-image-preview":"max-image-preview:large","max-video-preview":"max-video-preview:-1"},"canonical":"https:\/\/hajdankert.hu\/en\/ar-akcio\/","og_locale":"en_GB","og_type":"article","og_title":"\u00c1raink (AKCI\u00d3!) - Hajdankert","og_description":"Standar m\u00e9ret\u0171 panel le\u00edr\u00e1sa: \u00a0 \u00a0 \u00a0 \u00a0 M\u00e9retei: \u00a0 magass\u00e1g: 185 cm sz\u00e9less\u00e9g:120 cm m\u00e9lys\u00e9g: 15 cm","og_url":"https:\/\/hajdankert.hu\/en\/ar-akcio\/","og_site_name":"Hajdankert","article_modified_time":"2025-02-11T08:35:37+00:00","twitter_card":"summary_large_image","twitter_misc":{"Estimated reading time":"1 minute"},"schema":{"@context":"https:\/\/schema.org","@graph":[{"@type":"WebPage","@id":"https:\/\/hajdankert.hu\/ar-akcio\/","url":"https:\/\/hajdankert.hu\/ar-akcio\/","name":"\u00c1raink (AKCI\u00d3!) - Hajdankert","isPartOf":{"@id":"https:\/\/hajdankert.hu\/#website"},"datePublished":"2020-08-05T16:50:37+00:00","dateModified":"2025-02-11T08:35:37+00:00","breadcrumb":{"@id":"https:\/\/hajdankert.hu\/ar-akcio\/#breadcrumb"},"inLanguage":"en-GB","potentialAction":[{"@type":"ReadAction","target":["https:\/\/hajdankert.hu\/ar-akcio\/"]}]},{"@type":"BreadcrumbList","@id":"https:\/\/hajdankert.hu\/ar-akcio\/#breadcrumb","itemListElement":[{"@type":"ListItem","position":1,"name":"Home","item":"https:\/\/hajdankert.hu\/"},{"@type":"ListItem","position":2,"name":"\u00c1raink (AKCI\u00d3!)"}]},{"@type":"WebSite","@id":"https:\/\/hajdankert.hu\/#website","url":"https:\/\/hajdankert.hu\/","name":"Hajdankert","description":"Borosty\u00e1npanel | \u00c9l\u0151 \u00f6r\u00f6kz\u00f6ld fal azonnal, b\u00e1rhol","publisher":{"@id":"https:\/\/hajdankert.hu\/#organization"},"potentialAction":[{"@type":"SearchAction","target":{"@type":"EntryPoint","urlTemplate":"https:\/\/hajdankert.hu\/?s={search_term_string}"},"query-input":{"@type":"PropertyValueSpecification","valueRequired":true,"valueName":"search_term_string"}}],"inLanguage":"en-GB"},{"@type":"Organization","@id":"https:\/\/hajdankert.hu\/#organization","name":"Hajdankert","url":"https:\/\/hajdankert.hu\/","logo":{"@type":"ImageObject","inLanguage":"en-GB","@id":"https:\/\/hajdankert.hu\/#\/schema\/logo\/image\/","url":"https:\/\/hajdankert.hu\/wp-content\/uploads\/2020\/06\/hajdankert_logo-page-001-scaled.jpg","contentUrl":"https:\/\/hajdankert.hu\/wp-content\/uploads\/2020\/06\/hajdankert_logo-page-001-scaled.jpg","width":2560,"height":1946,"caption":"Hajdankert"},"image":{"@id":"https:\/\/hajdankert.hu\/#\/schema\/logo\/image\/"}}]}},"_links":{"self":[{"href":"https:\/\/hajdankert.hu\/en\/wp-json\/wp\/v2\/pages\/644","targetHints":{"allow":["GET"]}}],"collection":[{"href":"https:\/\/hajdankert.hu\/en\/wp-json\/wp\/v2\/pages"}],"about":[{"href":"https:\/\/hajdankert.hu\/en\/wp-json\/wp\/v2\/types\/page"}],"author":[{"embeddable":true,"href":"https:\/\/hajdankert.hu\/en\/wp-json\/wp\/v2\/users\/2"}],"replies":[{"embeddable":true,"href":"https:\/\/hajdankert.hu\/en\/wp-json\/wp\/v2\/comments?post=644"}],"version-history":[{"count":45,"href":"https:\/\/hajdankert.hu\/en\/wp-json\/wp\/v2\/pages\/644\/revisions"}],"predecessor-version":[{"id":1094,"href":"https:\/\/hajdankert.hu\/en\/wp-json\/wp\/v2\/pages\/644\/revisions\/1094"}],"wp:attachment":[{"href":"https:\/\/hajdankert.hu\/en\/wp-json\/wp\/v2\/media?parent=644"}],"curies":[{"name":"wp","href":"https:\/\/api.w.org\/{rel}","templated":true}]}}